{"id":1489,"date":"2021-05-18T11:30:23","date_gmt":"2021-05-18T09:30:23","guid":{"rendered":"http:\/\/clinicadelcarmenhuelva.com\/?page_id=1489"},"modified":"2022-11-09T11:48:19","modified_gmt":"2022-11-09T10:48:19","slug":"unidad-de-estimulacion-magnetica-transcraneal","status":"publish","type":"page","link":"https:\/\/clinicadelcarmenhuelva.com\/index.php\/unidad-de-estimulacion-magnetica-transcraneal\/","title":{"rendered":"Unidad de Estimulaci\u00f3n Magn\u00e9tica Transcraneal"},"content":{"rendered":"<p>[et_pb_section fb_built=\u00bb1&#8243; _builder_version=\u00bb4.16&#8243; _module_preset=\u00bbdefault\u00bb background_color=\u00bb#3D107B\u00bb background_image=\u00bbhttp:\/\/clinicadelcarmenhuelva.com\/wp-content\/uploads\/2019\/07\/health-clinic-29.png\u00bb background_size=\u00bbinitial\u00bb background_position=\u00bbtop_left\u00bb background_repeat=\u00bbrepeat\u00bb custom_margin=\u00bb0px||0px||false|false\u00bb custom_padding=\u00bb0px||0px||false|false\u00bb global_colors_info=\u00bb{}\u00bb][et_pb_row _builder_version=\u00bb4.16&#8243; _module_preset=\u00bbdefault\u00bb animation_style=\u00bbslide\u00bb animation_direction=\u00bbright\u00bb global_colors_info=\u00bb{}\u00bb][et_pb_column type=\u00bb4_4&#8243; _builder_version=\u00bb4.16&#8243; _module_preset=\u00bbdefault\u00bb global_colors_info=\u00bb{}\u00bb][et_pb_team_member name=\u00bbUNIDAD DE ESTIMULACI\u00d3N MAGN\u00c9TICA TRANSCRANEAL\u00bb image_url=\u00bbhttp:\/\/clinicadelcarmenhuelva.com\/wp-content\/uploads\/2019\/07\/saludmental-e1636963102879.png\u00bb _builder_version=\u00bb4.16&#8243; _module_preset=\u00bbdefault\u00bb header_font=\u00bb|700||on|||||\u00bb header_text_color=\u00bb#1A96D3&#8243; header_font_size=\u00bb35px\u00bb header_text_align_tablet=\u00bb\u00bb header_text_align_phone=\u00bbcenter\u00bb header_text_align_last_edited=\u00bbon|phone\u00bb text_orientation_tablet=\u00bb\u00bb text_orientation_phone=\u00bbcenter\u00bb text_orientation_last_edited=\u00bbon|phone\u00bb global_colors_info=\u00bb{}\u00bb][\/et_pb_team_member][et_pb_button button_url=\u00bb#cita\u00bb button_text=\u00bbSolicitar Cita\u00bb button_alignment_tablet=\u00bb\u00bb button_alignment_phone=\u00bbcenter\u00bb button_alignment_last_edited=\u00bbon|desktop\u00bb _builder_version=\u00bb4.16&#8243; _module_preset=\u00bbdefault\u00bb custom_button=\u00bbon\u00bb button_text_size=\u00bb15px\u00bb button_text_color=\u00bb#3D107B\u00bb button_bg_color=\u00bb#FFFFFF\u00bb button_letter_spacing=\u00bb3px\u00bb button_font=\u00bb|700||on|||||\u00bb custom_margin=\u00bb-48px|||130px|false|false\u00bb custom_margin_tablet=\u00bb-22px||||false|false\u00bb custom_margin_phone=\u00bb-22px|||0px|false|false\u00bb custom_margin_last_edited=\u00bbon|phone\u00bb global_colors_info=\u00bb{}\u00bb][\/et_pb_button][\/et_pb_column][\/et_pb_row][\/et_pb_section][et_pb_section fb_built=\u00bb1&#8243; specialty=\u00bbon\u00bb _builder_version=\u00bb4.16&#8243; _module_preset=\u00bbdefault\u00bb background_image=\u00bbhttp:\/\/clinicadelcarmenhuelva.com\/wp-content\/uploads\/2019\/07\/health-clinic-29.png\u00bb background_size=\u00bbinitial\u00bb background_repeat=\u00bbrepeat\u00bb custom_padding=\u00bb5px|||||\u00bb global_colors_info=\u00bb{}\u00bb][et_pb_column type=\u00bb3_4&#8243; specialty_columns=\u00bb3&#8243; _builder_version=\u00bb4.16&#8243; custom_padding=\u00bb|||\u00bb global_colors_info=\u00bb{}\u00bb custom_padding__hover=\u00bb|||\u00bb][et_pb_row_inner column_structure=\u00bb1_2,1_2&#8243; use_custom_gutter=\u00bbon\u00bb gutter_width=\u00bb4&#8243; _builder_version=\u00bb4.17.6&#8243; _module_preset=\u00bbdefault\u00bb animation_style=\u00bbslide\u00bb animation_direction=\u00bbleft\u00bb global_colors_info=\u00bb{}\u00bb][et_pb_column_inner type=\u00bb1_2&#8243; saved_specialty_column_type=\u00bb3_4&#8243; _builder_version=\u00bb4.16&#8243; _module_preset=\u00bbdefault\u00bb global_colors_info=\u00bb{}\u00bb][et_pb_image src=\u00bbhttp:\/\/clinicadelcarmenhuelva.com\/wp-content\/uploads\/2021\/05\/logo-IASC-NOMBRE-2.png\u00bb title_text=\u00bblogo-IASC-NOMBRE-2&#8243; align_tablet=\u00bbcenter\u00bb align_phone=\u00bbcenter\u00bb align_last_edited=\u00bbon|tablet\u00bb _builder_version=\u00bb4.17.6&#8243; _module_preset=\u00bbdefault\u00bb global_colors_info=\u00bb{}\u00bb][\/et_pb_image][\/et_pb_column_inner][et_pb_column_inner type=\u00bb1_2&#8243; saved_specialty_column_type=\u00bb3_4&#8243; _builder_version=\u00bb4.16&#8243; _module_preset=\u00bbdefault\u00bb global_colors_info=\u00bb{}\u00bb][et_pb_text _builder_version=\u00bb4.17.6&#8243; _module_preset=\u00bbdefault\u00bb header_4_font=\u00bb|800|||||||\u00bb custom_margin_tablet=\u00bb|||0px|false|false\u00bb custom_margin_phone=\u00bb|||0px|false|false\u00bb custom_margin_last_edited=\u00bbon|desktop\u00bb global_colors_info=\u00bb{}\u00bb]<\/p>\n<h4 class=\"et_pb_module_header\">Dr. \u00c1lvaro Mole\u00f3n Ruiz<\/h4>\n<div>\n<p>&nbsp;<\/p>\n<p>La<span>\u00a0<\/span><strong>Unidad de Estimulaci\u00f3n Magn\u00e9tica Transcraneal del Instituto Andaluz de Salud Cerebral<\/strong><strong>\u00a0(IASC)<\/strong><span>\u00a0<\/span>est\u00e1 constituida por un equipo multidisciplinar que ofrece sus servicios en Sevilla y Huelva.<\/p>\n<p 14px=\"\">Nuestra Unidad est\u00e1 coordinada por el<span>\u00a0<\/span><strong>Dr. \u00c1lvaro Mole\u00f3n Ruiz,<\/strong><span>\u00a0<\/span>m\u00e9dico psiquiatra, cuya carrera profesional ha estado vinculada al estudio y pr\u00e1ctica cl\u00ednica de la<span>\u00a0<\/span><strong>neuroestimulaci\u00f3n<\/strong>, primero mediante la<strong><span>\u00a0<\/span>Terapia Electroconvulsiva<\/strong><span>\u00a0<\/span>(t\u00e9cnica que aprendi\u00f3 en el Hospital Cl\u00ednic de B<span>arcelona y que desarrolla diariamente en el Hospital Juan Ram\u00f3n Jim\u00e9nez de Huelva), y posteriormente a trav\u00e9s de la<\/span><strong><span>\u00a0<\/span>Estimulaci\u00f3n Magn\u00e9tica Transcraneal.<\/strong><\/p>\n<\/div>\n<p>[\/et_pb_text][\/et_pb_column_inner][\/et_pb_row_inner][et_pb_row_inner use_custom_gutter=\u00bbon\u00bb make_equal=\u00bbon\u00bb _builder_version=\u00bb4.16&#8243; _module_preset=\u00bbdefault\u00bb global_colors_info=\u00bb{}\u00bb][et_pb_column_inner saved_specialty_column_type=\u00bb3_4&#8243; _builder_version=\u00bb4.16&#8243; _module_preset=\u00bbdefault\u00bb global_colors_info=\u00bb{}\u00bb][et_pb_team_member _builder_version=\u00bb4.16.0&#8243; _module_preset=\u00bbdefault\u00bb header_font=\u00bb|700|||||||\u00bb header_text_color=\u00bb#3D107B\u00bb animation_style=\u00bbzoom\u00bb border_width_all_image=\u00bb9px\u00bb border_color_all_image=\u00bbrgba(255,255,255,0)\u00bb global_colors_info=\u00bb{}\u00bb]<\/p>\n<p 14px=\"\">\n<p><img loading=\"lazy\" decoding=\"async\" src=\"http:\/\/clinicadelcarmenhuelva.com\/wp-content\/uploads\/2021\/05\/WhatsApp-Image-2021-05-17-at-12.58.15-1024x682.jpeg\" width=\"1024\" height=\"682\" alt=\"\" class=\"wp-image-1483 aligncenter size-large\" srcset=\"http:\/\/clinicadelcarmenhuelva.com\/wp-content\/uploads\/2021\/05\/WhatsApp-Image-2021-05-17-at-12.58.15-980x653.jpeg 980w, http:\/\/clinicadelcarmenhuelva.com\/wp-content\/uploads\/2021\/05\/WhatsApp-Image-2021-05-17-at-12.58.15-480x320.jpeg 480w\" sizes=\"(min-width: 0px) and (max-width: 480px) 480px, (min-width: 481px) and (max-width: 980px) 980px, (min-width: 981px) 1024px, 100vw\" \/><\/p>\n<p 14px=\"\"><strong style=\"font-size: 14px;\"><\/strong><\/p>\n<p>Para disponer de los conocimientos m\u00e1s actualizados sobre esta innovadora t\u00e9cnica y ponerlos al servicio de sus pacientes, el Dr. \u00c1lvaro Mole\u00f3n ha completado la titulaci\u00f3n universitaria internacional sobre <strong>Estimulaci\u00f3n Magn\u00e9tica Transcraneal de la Universidad de Duke (Estados Unidos)<\/strong>. Adem\u00e1s, es miembro de la <strong>Clinical TMS Society.<\/strong><\/p>\n<p><strong><\/strong><\/p>\n<p><strong><\/strong><\/p>\n<h3><strong>\u00bfQU\u00c9 NOS HACE DISTINTOS AL RESTO DE UNIDADES DE EMT?<\/strong><\/h3>\n<p><img loading=\"lazy\" decoding=\"async\" src=\"http:\/\/clinicadelcarmenhuelva.com\/wp-content\/uploads\/2021\/05\/X100-300x300.png\" width=\"300\" height=\"300\" alt=\"\" class=\"wp-image-1482 alignright size-medium\" \/><\/p>\n<p>Para ofrecer la tecnolog\u00eda m\u00e1s avanzada en neuromodulaci\u00f3n, nuestra Unidad cuenta con el dispositivo <strong>Magventure X100 con MagOption<\/strong>, utilizado por las principales universidades del mundo para el estudio de las aplicaciones de la EMT en el tratamiento de la enfermedad mental.<\/p>\n<p>Al a\u00f1adirle al dispositivo la novedosa bobina<strong> Cool D-B80<\/strong>, nuestra Unidad ofrece un equipo de <strong>Estimulaci\u00f3n Magn\u00e9tica Transcraneal Profunda con certificaci\u00f3n europea<\/strong> para el tratamiento de la<strong> depresi\u00f3n<\/strong> (con o sin ansiedad asociada), el <strong>trastorno obsesivo-compulsiv<\/strong>o resistente al tratamiento y <strong>adicciones.<\/strong><\/p>\n<p><strong><img loading=\"lazy\" decoding=\"async\" src=\"http:\/\/clinicadelcarmenhuelva.com\/wp-content\/uploads\/2021\/05\/Sin-titulo-3-Recuperado.png\" width=\"552\" height=\"245\" alt=\"\" class=\"wp-image-1481 aligncenter size-full\" srcset=\"http:\/\/clinicadelcarmenhuelva.com\/wp-content\/uploads\/2021\/05\/Sin-titulo-3-Recuperado.png 552w, http:\/\/clinicadelcarmenhuelva.com\/wp-content\/uploads\/2021\/05\/Sin-titulo-3-Recuperado-480x213.png 480w\" sizes=\"(min-width: 0px) and (max-width: 480px) 480px, (min-width: 481px) 552px, 100vw\" \/><\/strong><\/p>\n<p><strong><\/strong><\/p>\n<p><strong><\/strong><\/p>\n<p><strong><\/strong><\/p>\n<p><strong><\/strong><\/p>\n<p>[\/et_pb_team_member][\/et_pb_column_inner][\/et_pb_row_inner][et_pb_row_inner column_structure=\u00bb1_2,1_2&#8243; make_equal=\u00bbon\u00bb _builder_version=\u00bb4.16&#8243; _module_preset=\u00bbdefault\u00bb global_colors_info=\u00bb{}\u00bb][et_pb_column_inner type=\u00bb1_2&#8243; saved_specialty_column_type=\u00bb3_4&#8243; _builder_version=\u00bb4.16&#8243; _module_preset=\u00bbdefault\u00bb global_colors_info=\u00bb{}\u00bb][et_pb_blurb title=\u00bbSolicitar cita\u00bb use_icon=\u00bbon\u00bb font_icon=\u00bb&#xe00b;||divi||400&#8243; icon_color=\u00bb#3d107b\u00bb image_icon_background_color=\u00bb#ffffff\u00bb image_icon_width=\u00bb48px\u00bb _builder_version=\u00bb4.19.0&#8243; header_level=\u00bbh3&#8243; header_font=\u00bb|600|||||||\u00bb header_text_align=\u00bbcenter\u00bb header_text_color=\u00bb#ffffff\u00bb header_font_size=\u00bb27px\u00bb body_font=\u00bb||||||||\u00bb body_text_color=\u00bb#ffffff\u00bb background_color=\u00bb#3d107b\u00bb image_icon_custom_padding=\u00bb25px|25px|25px|25px|false|false\u00bb custom_padding=\u00bb37px|20px||20px||\u00bb animation_style=\u00bbzoom\u00bb animation_intensity_zoom=\u00bb10%\u00bb hover_enabled=\u00bb0&#8243; border_radii_image=\u00bbon|100%|100%|100%|100%\u00bb box_shadow_style=\u00bbpreset1&#8243; use_circle=\u00bbon\u00bb circle_color=\u00bb#ffffff\u00bb global_colors_info=\u00bb{}\u00bb image_icon_background_color__sticky_enabled=\u00bb#7EBEC5&#8243; image_icon_background_color__sticky=\u00bb#7EBEC5&#8243; theme_builder_area=\u00bbpost_content\u00bb module_id=\u00bbcita\u00bb sticky_enabled=\u00bb0&#8243;]<\/p>\n<p style=\"text-align: center;\">Para solicitar cita en esta especialidad contacte con el tel\u00e9fono que aparece a continuaci\u00f3n:<\/p>\n<h3 style=\"text-align: center;\"><span style=\"color: #99ccff;\"><strong style=\"text-align: center;\">622 290 407<\/strong><\/span><\/h3>\n<p>&nbsp;[\/et_pb_blurb][\/et_pb_column_inner][et_pb_column_inner type=\u00bb1_2&#8243; saved_specialty_column_type=\u00bb3_4&#8243; _builder_version=\u00bb4.16&#8243; _module_preset=\u00bbdefault\u00bb global_colors_info=\u00bb{}\u00bb][et_pb_code _builder_version=\u00bb4.16&#8243; _module_preset=\u00bbdefault\u00bb animation_style=\u00bbzoom\u00bb global_colors_info=\u00bb{}\u00bb]<iframe loading=\"lazy\" src=\"https:\/\/www.google.com\/maps\/embed?pb=!1m14!1m8!1m3!1d12702.958789098624!2d-6.952587!3d37.253883!3m2!1i1024!2i768!4f13.1!3m3!1m2!1s0x0%3A0xc7fc42c42005bb5f!2sCl%C3%ADnica+del+Carmen+-+Centro+de+Especialidades+M%C3%A9dicas!5e0!3m2!1ses!2sus!4v1564741409678!5m2!1ses!2sus\" width=\"600\" height=\"350\" frameborder=\"0\" style=\"border: 0;\" allowfullscreen=\"\"><\/iframe>[\/et_pb_code][\/et_pb_column_inner][\/et_pb_row_inner][et_pb_row_inner _builder_version=\u00bb4.16&#8243; _module_preset=\u00bbdefault\u00bb global_colors_info=\u00bb{}\u00bb][et_pb_column_inner saved_specialty_column_type=\u00bb3_4&#8243; _builder_version=\u00bb4.16&#8243; _module_preset=\u00bbdefault\u00bb global_colors_info=\u00bb{}\u00bb][et_pb_image src=\u00bbhttp:\/\/clinicadelcarmenhuelva.com\/wp-content\/uploads\/2019\/07\/portadagarfe.jpg\u00bb title_text=\u00bbportadagarfe\u00bb _builder_version=\u00bb4.16&#8243; _module_preset=\u00bbdefault\u00bb animation_style=\u00bbzoom\u00bb global_colors_info=\u00bb{}\u00bb][\/et_pb_image][\/et_pb_column_inner][\/et_pb_row_inner][\/et_pb_column][et_pb_column type=\u00bb1_4&#8243; _builder_version=\u00bb4.16&#8243; custom_padding=\u00bb|||\u00bb global_colors_info=\u00bb{}\u00bb custom_padding__hover=\u00bb|||\u00bb][dsm_menu menu_id=\u00bb11&#8243; menu_link_text_color=\u00bbrgba(255,255,255,0.6)\u00bb list_style_type=\u00bbsquare\u00bb list_style_color=\u00bbrgba(255,255,255,0.63)\u00bb menu_left_space=\u00bb13px\u00bb _builder_version=\u00bb4.16&#8243; _module_preset=\u00bbdefault\u00bb header_font=\u00bb|||on|||||\u00bb menu_font=\u00bb|700||on|||||\u00bb menu_font_size=\u00bb12px\u00bb background_color=\u00bb#29C4A9&#8243; custom_padding=\u00bb10px|16px|||false|false\u00bb animation_style=\u00bbzoom\u00bb global_colors_info=\u00bb{}\u00bb][\/dsm_menu][\/et_pb_column][\/et_pb_section]<\/p>\n","protected":false},"excerpt":{"rendered":"<p>Dr. \u00c1lvaro Mole\u00f3n Ruiz &nbsp; La\u00a0Unidad de Estimulaci\u00f3n Magn\u00e9tica Transcraneal del Instituto Andaluz de Salud Cerebral\u00a0(IASC)\u00a0est\u00e1 constituida por un equipo multidisciplinar que ofrece sus servicios en Sevilla y Huelva. Nuestra Unidad est\u00e1 coordinada por el\u00a0Dr. \u00c1lvaro Mole\u00f3n Ruiz,\u00a0m\u00e9dico psiquiatra, cuya carrera profesional ha estado vinculada al estudio y pr\u00e1ctica cl\u00ednica de la\u00a0neuroestimulaci\u00f3n, primero mediante la\u00a0Terapia [&hellip;]<\/p>\n","protected":false},"author":1,"featured_media":0,"parent":0,"menu_order":0,"comment_status":"closed","ping_status":"closed","template":"","meta":{"_et_pb_use_builder":"on","_et_pb_old_content":"","_et_gb_content_width":"","footnotes":""},"class_list":["post-1489","page","type-page","status-publish","hentry"],"_links":{"self":[{"href":"https:\/\/clinicadelcarmenhuelva.com\/index.php\/wp-json\/wp\/v2\/pages\/1489","targetHints":{"allow":["GET"]}}],"collection":[{"href":"https:\/\/clinicadelcarmenhuelva.com\/index.php\/wp-json\/wp\/v2\/pages"}],"about":[{"href":"https:\/\/clinicadelcarmenhuelva.com\/index.php\/wp-json\/wp\/v2\/types\/page"}],"author":[{"embeddable":true,"href":"https:\/\/clinicadelcarmenhuelva.com\/index.php\/wp-json\/wp\/v2\/users\/1"}],"replies":[{"embeddable":true,"href":"https:\/\/clinicadelcarmenhuelva.com\/index.php\/wp-json\/wp\/v2\/comments?post=1489"}],"version-history":[{"count":9,"href":"https:\/\/clinicadelcarmenhuelva.com\/index.php\/wp-json\/wp\/v2\/pages\/1489\/revisions"}],"predecessor-version":[{"id":2245,"href":"https:\/\/clinicadelcarmenhuelva.com\/index.php\/wp-json\/wp\/v2\/pages\/1489\/revisions\/2245"}],"wp:attachment":[{"href":"https:\/\/clinicadelcarmenhuelva.com\/index.php\/wp-json\/wp\/v2\/media?parent=1489"}],"curies":[{"name":"wp","href":"https:\/\/api.w.org\/{rel}","templated":true}]}}