{"id":2547,"date":"2024-07-25T09:03:57","date_gmt":"2024-07-25T07:03:57","guid":{"rendered":"http:\/\/clinicadelcarmenhuelva.com\/?page_id=2547"},"modified":"2024-07-25T12:09:33","modified_gmt":"2024-07-25T10:09:33","slug":"aviso-legal","status":"publish","type":"page","link":"https:\/\/clinicadelcarmenhuelva.com\/index.php\/aviso-legal\/","title":{"rendered":"Aviso Legal"},"content":{"rendered":"<p>[et_pb_section fb_built=\u00bb1&#8243; _builder_version=\u00bb4.16&#8243; _module_preset=\u00bbdefault\u00bb background_color=\u00bb#3D107B\u00bb background_image=\u00bbhttp:\/\/clinicadelcarmenhuelva.com\/wp-content\/uploads\/2019\/07\/health-clinic-29.png\u00bb background_size=\u00bbinitial\u00bb background_position=\u00bbtop_left\u00bb background_repeat=\u00bbrepeat\u00bb custom_margin=\u00bb0px||0px||false|false\u00bb custom_padding=\u00bb0px||0px||false|false\u00bb global_colors_info=\u00bb{}\u00bb][et_pb_row _builder_version=\u00bb4.16&#8243; _module_preset=\u00bbdefault\u00bb animation_style=\u00bbslide\u00bb animation_direction=\u00bbright\u00bb global_colors_info=\u00bb{}\u00bb][et_pb_column type=\u00bb4_4&#8243; _builder_version=\u00bb4.16&#8243; _module_preset=\u00bbdefault\u00bb global_colors_info=\u00bb{}\u00bb][et_pb_team_member name=\u00bbAviso Legal\u00bb _builder_version=\u00bb4.27.0&#8243; _module_preset=\u00bbdefault\u00bb header_font=\u00bb|700||on|||||\u00bb header_text_color=\u00bb#1A96D3&#8243; header_font_size=\u00bb35px\u00bb header_text_align_tablet=\u00bb\u00bb header_text_align_phone=\u00bbcenter\u00bb header_text_align_last_edited=\u00bbon|phone\u00bb text_orientation_tablet=\u00bb\u00bb text_orientation_phone=\u00bbcenter\u00bb text_orientation_last_edited=\u00bbon|phone\u00bb global_colors_info=\u00bb{}\u00bb][\/et_pb_team_member][\/et_pb_column][\/et_pb_row][\/et_pb_section][et_pb_section fb_built=\u00bb1&#8243; specialty=\u00bbon\u00bb _builder_version=\u00bb4.16&#8243; _module_preset=\u00bbdefault\u00bb background_image=\u00bbhttp:\/\/clinicadelcarmenhuelva.com\/wp-content\/uploads\/2019\/07\/health-clinic-29.png\u00bb background_size=\u00bbinitial\u00bb background_repeat=\u00bbrepeat\u00bb custom_padding=\u00bb5px|||||\u00bb global_colors_info=\u00bb{}\u00bb][et_pb_column type=\u00bb3_4&#8243; specialty_columns=\u00bb3&#8243; _builder_version=\u00bb4.16&#8243; custom_padding=\u00bb|||\u00bb global_colors_info=\u00bb{}\u00bb custom_padding__hover=\u00bb|||\u00bb][et_pb_row_inner use_custom_gutter=\u00bbon\u00bb gutter_width=\u00bb4&#8243; make_equal=\u00bbon\u00bb _builder_version=\u00bb4.17.6&#8243; _module_preset=\u00bbdefault\u00bb animation_style=\u00bbslide\u00bb animation_direction=\u00bbleft\u00bb global_colors_info=\u00bb{}\u00bb][et_pb_column_inner saved_specialty_column_type=\u00bb3_4&#8243; _builder_version=\u00bb4.16&#8243; _module_preset=\u00bbdefault\u00bb global_colors_info=\u00bb{}\u00bb][et_pb_text _builder_version=\u00bb4.27.0&#8243; _module_preset=\u00bbdefault\u00bb header_font=\u00bb|700|||||||\u00bb header_2_font=\u00bb|800|||||||\u00bb header_2_text_color=\u00bb#1A96D3&#8243; header_4_font=\u00bb|800|||||||\u00bb custom_margin_tablet=\u00bb|||0px|false|false\u00bb custom_margin_phone=\u00bb|||0px|false|false\u00bb custom_margin_last_edited=\u00bbon|desktop\u00bb custom_padding=\u00bb20px||||false|false\u00bb global_colors_info=\u00bb{}\u00bb]<\/p>\n<h4>1. DATOS IDENTIFICATIVOS:<\/h4>\n<p>En cumplimiento con el deber de informaci\u00f3n recogido en art\u00edculo 10 de la Ley 34\/2002, de 11 de julio, de Servicios de la Sociedad de la Informaci\u00f3n y del Comercio Electr\u00f3nico (LSSICE), CLINICA DEL CARMEN le informa de lo siguiente:<\/p>\n<p>&nbsp;<\/p>\n<p>Denominaci\u00f3n social: GARFE HISP\u00c1NICA S.L.<\/p>\n<p>CIF: B21595566<\/p>\n<p>Domicilio social: Avenida Italia 22 de Huelva, 21001<\/p>\n<p>Tel\u00e9fono: 959 542 018<\/p>\n<p>Email: info@clinicadelcarmenhuelva.com<\/p>\n<p>&nbsp;<\/p>\n<p>&nbsp;<\/p>\n<h4>2. USO DEL PORTAL:<\/h4>\n<p>El sitio web y sus servicios son de acceso libre y gratuito, no obstante para poder cumplir con las finalidades de algunos de los servicios ofrecidos por GARFE HISP\u00c1NICA S.L.el usuario debe cumplimentar previamente el correspondiente formulario. Por tanto, si no se facilitan los datos necesarios o no lo hace correctamente no podr\u00e1n atenderse las solicitudes, sin perjuicio de que podr\u00e1 visualizar libremente el contenido de la web.<\/p>\n<p>&nbsp;<\/p>\n<p>&nbsp;<\/p>\n<h4>3. USUARIOS:<\/h4>\n<p>El acceso y\/o uso de este portal atribuye la condici\u00f3n de USUARIO, que acepta, desde dicho acceso y\/o uso, las Condiciones Generales de Uso aqu\u00ed reflejadas. Las citadas Condiciones ser\u00e1n de aplicaci\u00f3n independientemente de las Condiciones Generales de Contrataci\u00f3n que en su caso resulten de obligado cumplimiento. El Usuario:<\/p>\n<p>&nbsp;<\/p>\n<p>Garantiza que ha informado a los terceros de los que facilite sus datos, en caso de hacerlo, de los aspectos contenidos en este documento. Asimismo, garantiza que ha obtenido su autorizaci\u00f3n para facilitar sus datos a GARFE HISP\u00c1NICA S.L.para los fines se\u00f1alados.<\/p>\n<p>Ser\u00e1 responsable de las informaciones falsas o inexactas que proporcione a trav\u00e9s del Sitio Web y de los da\u00f1os y perjuicios, directos o indirectos, que ello cause a GARFE HISP\u00c1NICA S.L. o a terceros.<\/p>\n<p>&nbsp;<\/p>\n<p>&nbsp;<\/p>\n<h4>4. PROPIEDAD INTELECTUAL E INDUSTRIAL:<\/h4>\n<p>GARFE HISP\u00c1NICA S.L.por s\u00ed o como cesionaria, es titular de todos los derechos de propiedad intelectual e industrial de su p\u00e1gina web, as\u00ed como de los elementos contenidos en la misma (a t\u00edtulo enunciativo, im\u00e1genes, sonido, audio, v\u00eddeo, software o textos; marcas o logotipos, combinaciones de colores, estructura y dise\u00f1o, selecci\u00f3n de materiales usados, programas de ordenador necesarios para su funcionamiento, acceso y uso, etc.), titularidad de GARFE HISP\u00c1NICA S.L.o bien de sus licenciantes. Todos los derechos reservados. En virtud de lo dispuesto en los art\u00edculos 8 y 32.1, p\u00e1rrafo segundo, de la Ley de Propiedad Intelectual, quedan expresamente prohibidas la reproducci\u00f3n, la distribuci\u00f3n y la comunicaci\u00f3n p\u00fablica, incluida su modalidad de puesta a disposici\u00f3n, de la totalidad o parte de los contenidos de esta p\u00e1gina web, con fines comerciales, en cualquier soporte y por cualquier medio t\u00e9cnico, sin la autorizaci\u00f3n de GARFE HISP\u00c1NICA S.L. El USUARIO se compromete a respetar los derechos de Propiedad Intelectual e Industrial titularidad de GARFE HISP\u00c1NICA S.L. Podr\u00e1 visualizar los elementos del portal e incluso imprimirlos, copiarlos y almacenarlos en el disco duro de su ordenador o en cualquier otro soporte f\u00edsico siempre y cuando sea, \u00fanica y exclusivamente, para su uso personal y privado. El USUARIO deber\u00e1 abstenerse de suprimir, alterar, eludir o manipular cualquier dispositivo de protecci\u00f3n o sistema de seguridad que estuviera instalado en el las p\u00e1ginas de CLINICA DEL CARMEN.<\/p>\n<p>&nbsp;<\/p>\n<p>&nbsp;<\/p>\n<h4>5. EXCLUSI\u00d3N DE GARANT\u00cdAS Y RESPONSABILIDAD:<\/h4>\n<p>GARFE HISP\u00c1NICA S.L.no se hace responsable, en ning\u00fan caso, de los da\u00f1os y perjuicios de cualquier naturaleza que pudieran ocasionar, a t\u00edtulo enunciativo: errores u omisiones en los contenidos, falta de disponibilidad del portal o la transmisi\u00f3n de virus o programas maliciosos o lesivos en los contenidos, a pesar de haber adoptado todas las medidas tecnol\u00f3gicas necesarias para evitarlo.<\/p>\n<p>&nbsp;<\/p>\n<p>&nbsp;<\/p>\n<h4>6. MODIFICACIONES:<\/h4>\n<p>GARFE HISP\u00c1NICA S.L. se reserva el derecho de efectuar sin previo aviso las modificaciones que considere oportunas en su portal, pudiendo cambiar, suprimir o a\u00f1adir tanto los contenidos y servicios que se presten a trav\u00e9s de la misma como la forma en la que \u00e9stos aparezcan presentados o localizados en su portal.<\/p>\n<p>&nbsp;<\/p>\n<p>&nbsp;<\/p>\n<h4>7. ENLACES:<\/h4>\n<p>En el caso de que en el portal se dispusiesen enlaces o hiperv\u00ednculos hac\u00eda otros sitios de Internet, GARFE HISP\u00c1NICA S.L.no ejercer\u00e1 ning\u00fan tipo de control sobre dichos sitios y contenidos. En ning\u00fan caso GARFE HISP\u00c1NICA S.L.asumir\u00e1 responsabilidad alguna por los contenidos de alg\u00fan enlace perteneciente a un sitio web ajeno, ni garantizar\u00e1 la disponibilidad t\u00e9cnica, calidad, fiabilidad, exactitud, amplitud, veracidad, validez y constitucionalidad de cualquier material o informaci\u00f3n contenida en ninguno de dichos hiperv\u00ednculos u otros sitios de Internet. Igualmente la inclusi\u00f3n de estas conexiones externas no implicar\u00e1 ning\u00fan tipo de asociaci\u00f3n, fusi\u00f3n o participaci\u00f3n con las entidades conectadas.<\/p>\n<p>&nbsp;<\/p>\n<p>&nbsp;<\/p>\n<h4>8. DERECHO DE EXCLUSI\u00d3N:<\/h4>\n<p>GARFE HISP\u00c1NICA S.L.se reserva el derecho a denegar o retirar el acceso a portal y\/o los servicios ofrecidos sin necesidad de preaviso, a instancia propia o de un tercero, a aquellos usuarios que incumplan las presentes Condiciones Generales de Uso.<\/p>\n<p>&nbsp;<\/p>\n<p>&nbsp;<\/p>\n<h4>9. GENERALIDADES:<\/h4>\n<p>GARFE HISP\u00c1NICA S.L.perseguir\u00e1 el incumplimiento de las presentes condiciones as\u00ed como cualquier utilizaci\u00f3n indebida de su portal ejerciendo todas las acciones civiles y penales que le puedan<\/p>\n<p>corresponder en derecho.<\/p>\n<p>&nbsp;<\/p>\n<h4>10. MODIFICACI\u00d3N DE LAS PRESENTES CONDICIONES Y DURACI\u00d3N:<\/h4>\n<p>GARFE HISP\u00c1NICA S.L.podr\u00e1 modificar en cualquier momento las condiciones aqu\u00ed determinadas, siendo debidamente publicadas como aqu\u00ed aparecen. La vigencia de las citadas condiciones ir\u00e1 en funci\u00f3n de su exposici\u00f3n y estar\u00e1n vigentes hasta que sean modificadas por otras debidamente publicadas.<\/p>\n<p>&nbsp;<\/p>\n<p>&nbsp;<\/p>\n<p>[\/et_pb_text][\/et_pb_column_inner][\/et_pb_row_inner][\/et_pb_column][et_pb_column type=\u00bb1_4&#8243; _builder_version=\u00bb4.16&#8243; custom_padding=\u00bb|||\u00bb global_colors_info=\u00bb{}\u00bb custom_padding__hover=\u00bb|||\u00bb][dsm_menu menu_id=\u00bb11&#8243; menu_link_text_color=\u00bbrgba(255,255,255,0.6)\u00bb menu_left_space=\u00bb13px\u00bb list_style_type=\u00bbsquare\u00bb list_style_color=\u00bbrgba(255,255,255,0.63)\u00bb _builder_version=\u00bb4.16&#8243; _module_preset=\u00bbdefault\u00bb header_font=\u00bb|||on|||||\u00bb menu_font=\u00bb|700||on|||||\u00bb menu_font_size=\u00bb12px\u00bb background_color=\u00bb#29C4A9&#8243; custom_padding=\u00bb10px|16px|||false|false\u00bb animation_style=\u00bbzoom\u00bb global_colors_info=\u00bb{}\u00bb][\/dsm_menu][\/et_pb_column][\/et_pb_section]<\/p>\n","protected":false},"excerpt":{"rendered":"<p>1. DATOS IDENTIFICATIVOS: En cumplimiento con el deber de informaci\u00f3n recogido en art\u00edculo 10 de la Ley 34\/2002, de 11 de julio, de Servicios de la Sociedad de la Informaci\u00f3n y del Comercio Electr\u00f3nico (LSSICE), CLINICA DEL CARMEN le informa de lo siguiente: &nbsp; Denominaci\u00f3n social: GARFE HISP\u00c1NICA S.L. CIF: B21595566 Domicilio social: Avenida Italia [&hellip;]<\/p>\n","protected":false},"author":1,"featured_media":0,"parent":0,"menu_order":0,"comment_status":"closed","ping_status":"closed","template":"","meta":{"_et_pb_use_builder":"on","_et_pb_old_content":"","_et_gb_content_width":"","footnotes":""},"class_list":["post-2547","page","type-page","status-publish","hentry"],"_links":{"self":[{"href":"https:\/\/clinicadelcarmenhuelva.com\/index.php\/wp-json\/wp\/v2\/pages\/2547","targetHints":{"allow":["GET"]}}],"collection":[{"href":"https:\/\/clinicadelcarmenhuelva.com\/index.php\/wp-json\/wp\/v2\/pages"}],"about":[{"href":"https:\/\/clinicadelcarmenhuelva.com\/index.php\/wp-json\/wp\/v2\/types\/page"}],"author":[{"embeddable":true,"href":"https:\/\/clinicadelcarmenhuelva.com\/index.php\/wp-json\/wp\/v2\/users\/1"}],"replies":[{"embeddable":true,"href":"https:\/\/clinicadelcarmenhuelva.com\/index.php\/wp-json\/wp\/v2\/comments?post=2547"}],"version-history":[{"count":3,"href":"https:\/\/clinicadelcarmenhuelva.com\/index.php\/wp-json\/wp\/v2\/pages\/2547\/revisions"}],"predecessor-version":[{"id":2553,"href":"https:\/\/clinicadelcarmenhuelva.com\/index.php\/wp-json\/wp\/v2\/pages\/2547\/revisions\/2553"}],"wp:attachment":[{"href":"https:\/\/clinicadelcarmenhuelva.com\/index.php\/wp-json\/wp\/v2\/media?parent=2547"}],"curies":[{"name":"wp","href":"https:\/\/api.w.org\/{rel}","templated":true}]}}