{"id":339,"date":"2019-07-10T00:25:09","date_gmt":"2019-07-09T22:25:09","guid":{"rendered":"http:\/\/clinicadelcarmenhuelva.com\/?page_id=339"},"modified":"2025-12-29T14:10:32","modified_gmt":"2025-12-29T13:10:32","slug":"alergologia","status":"publish","type":"page","link":"https:\/\/clinicadelcarmenhuelva.com\/index.php\/alergologia\/","title":{"rendered":"Alergolog\u00eda"},"content":{"rendered":"<p>[et_pb_section fb_built=\u00bb1&#8243; custom_padding_last_edited=\u00bbon|desktop\u00bb _builder_version=\u00bb4.27.4&#8243; _module_preset=\u00bbdefault\u00bb background_color=\u00bb#3D107B\u00bb background_image=\u00bbhttps:\/\/clinicadelcarmenhuelva.com\/wp-content\/uploads\/2019\/07\/health-clinic-29.png\u00bb background_size=\u00bbinitial\u00bb background_position=\u00bbtop_left\u00bb background_repeat=\u00bbrepeat\u00bb custom_margin=\u00bb0px||0px||false|false\u00bb custom_padding=\u00bb0px||40px||false|false\u00bb custom_padding_tablet=\u00bb||0px||false|false\u00bb custom_padding_phone=\u00bb||0px||false|false\u00bb global_colors_info=\u00bb{}\u00bb][et_pb_row _builder_version=\u00bb4.16&#8243; _module_preset=\u00bbdefault\u00bb animation_style=\u00bbslide\u00bb animation_direction=\u00bbright\u00bb global_colors_info=\u00bb{}\u00bb][et_pb_column type=\u00bb4_4&#8243; _builder_version=\u00bb4.16&#8243; _module_preset=\u00bbdefault\u00bb global_colors_info=\u00bb{}\u00bb][et_pb_team_member name=\u00bbALERGOLOG\u00cdA\u00bb image_url=\u00bbhttps:\/\/clinicadelcarmenhuelva.com\/wp-content\/uploads\/2024\/02\/alergo4.png\u00bb _builder_version=\u00bb4.27.4&#8243; _module_preset=\u00bbdefault\u00bb header_font=\u00bb|700||on|||||\u00bb header_text_color=\u00bb#1A96D3&#8243; header_font_size=\u00bb35px\u00bb custom_margin=\u00bb||35px||false|false\u00bb custom_margin_tablet=\u00bb||35px||false|false\u00bb custom_margin_phone=\u00bb||35px||false|false\u00bb custom_margin_last_edited=\u00bbon|desktop\u00bb header_text_align_tablet=\u00bb\u00bb header_text_align_phone=\u00bbcenter\u00bb header_text_align_last_edited=\u00bbon|phone\u00bb text_orientation_tablet=\u00bb\u00bb text_orientation_phone=\u00bbcenter\u00bb text_orientation_last_edited=\u00bbon|phone\u00bb global_colors_info=\u00bb{}\u00bb][\/et_pb_team_member][et_pb_button button_url=\u00bb#cita\u00bb button_text=\u00bbSolicitar Cita\u00bb button_alignment_tablet=\u00bb\u00bb button_alignment_phone=\u00bbcenter\u00bb button_alignment_last_edited=\u00bbon|desktop\u00bb _builder_version=\u00bb4.16&#8243; _module_preset=\u00bbdefault\u00bb custom_button=\u00bbon\u00bb button_text_size=\u00bb15px\u00bb button_text_color=\u00bb#3D107B\u00bb button_bg_color=\u00bb#FFFFFF\u00bb button_letter_spacing=\u00bb3px\u00bb button_font=\u00bb|700||on|||||\u00bb custom_margin=\u00bb-75px|||130px|false|false\u00bb custom_margin_tablet=\u00bb-89px||||false|false\u00bb custom_margin_phone=\u00bb-22px|||0px|false|false\u00bb custom_margin_last_edited=\u00bbon|tablet\u00bb global_colors_info=\u00bb{}\u00bb][\/et_pb_button][et_pb_button button_url=\u00bb#doctoralia\u00bb button_text=\u00bbcita con doctoralia\u00bb button_alignment_tablet=\u00bb\u00bb button_alignment_phone=\u00bbcenter\u00bb button_alignment_last_edited=\u00bbon|desktop\u00bb disabled_on=\u00bboff|off|on\u00bb _builder_version=\u00bb4.27.4&#8243; _module_preset=\u00bbdefault\u00bb custom_button=\u00bbon\u00bb button_text_size=\u00bb15px\u00bb button_text_color=\u00bb#FFFFFF\u00bb button_bg_color=\u00bb#29C4A9&#8243; button_bg_enable_image=\u00bboff\u00bb button_border_width=\u00bb0px\u00bb button_letter_spacing=\u00bb3px\u00bb button_font=\u00bb|700||on|||||\u00bb custom_margin=\u00bb-75px|||130px|false|false\u00bb custom_margin_tablet=\u00bb-67px|||327px|false|false\u00bb custom_margin_phone=\u00bb-24px|||0px|false|false\u00bb custom_margin_last_edited=\u00bbon|phone\u00bb global_colors_info=\u00bb{}\u00bb][\/et_pb_button][\/et_pb_column][\/et_pb_row][\/et_pb_section][et_pb_section fb_built=\u00bb1&#8243; specialty=\u00bbon\u00bb _builder_version=\u00bb4.27.4&#8243; _module_preset=\u00bbdefault\u00bb background_image=\u00bbhttps:\/\/clinicadelcarmenhuelva.com\/wp-content\/uploads\/2019\/07\/health-clinic-29.png\u00bb background_size=\u00bbinitial\u00bb background_repeat=\u00bbrepeat\u00bb custom_padding=\u00bb5px|||||\u00bb global_colors_info=\u00bb{}\u00bb][et_pb_column type=\u00bb3_4&#8243; specialty_columns=\u00bb3&#8243; _builder_version=\u00bb4.16&#8243; custom_padding=\u00bb|||\u00bb global_colors_info=\u00bb{}\u00bb custom_padding__hover=\u00bb|||\u00bb][et_pb_row_inner column_structure=\u00bb1_2,1_2&#8243; use_custom_gutter=\u00bbon\u00bb gutter_width=\u00bb4&#8243; module_id=\u00bbbelen\u00bb _builder_version=\u00bb4.27.4&#8243; _module_preset=\u00bbdefault\u00bb animation_style=\u00bbslide\u00bb animation_direction=\u00bbleft\u00bb global_colors_info=\u00bb{}\u00bb][et_pb_column_inner type=\u00bb1_2&#8243; saved_specialty_column_type=\u00bb3_4&#8243; _builder_version=\u00bb4.16&#8243; _module_preset=\u00bbdefault\u00bb global_colors_info=\u00bb{}\u00bb][et_pb_image src=\u00bbhttps:\/\/clinicadelcarmenhuelva.com\/wp-content\/uploads\/2023\/12\/belenhinojosa.jpg\u00bb title_text=\u00bbbelenhinojosa\u00bb align=\u00bbcenter\u00bb align_tablet=\u00bbcenter\u00bb align_phone=\u00bbcenter\u00bb align_last_edited=\u00bbon|tablet\u00bb _builder_version=\u00bb4.27.4&#8243; _module_preset=\u00bbdefault\u00bb global_colors_info=\u00bb{}\u00bb][\/et_pb_image][\/et_pb_column_inner][et_pb_column_inner type=\u00bb1_2&#8243; saved_specialty_column_type=\u00bb3_4&#8243; _builder_version=\u00bb4.17.6&#8243; _module_preset=\u00bbdefault\u00bb global_colors_info=\u00bb{}\u00bb][et_pb_text _builder_version=\u00bb4.27.4&#8243; _module_preset=\u00bbdefault\u00bb header_4_font=\u00bb|800|||||||\u00bb custom_margin_tablet=\u00bb|||0px|false|false\u00bb custom_margin_phone=\u00bb|||0px|false|false\u00bb custom_margin_last_edited=\u00bbon|desktop\u00bb custom_padding=\u00bb20px||||false|false\u00bb global_colors_info=\u00bb{}\u00bb]<\/p>\n<h4 class=\"et_pb_module_header et-fb-editable-element et-fb-editable-element__editing\" data-shortcode-id=\"1.0.0.0.0-1648627366579\" data-quickaccess-id=\"header\" contenteditable=\"true\">Dra. Bel\u00e9n Hinojosa Jara<\/h4>\n<p>Con m\u00e1s de 20 a\u00f1os de experiencia en alergia, actualmente ejerce como jefa de servicio de alergia en la Sanidad Onubense, actividad que compatibiliza con su consulta privada.<\/p>\n<p>La alergia es una patolog\u00eda que ha ido aumentando su prevalencia en los \u00faltimos a\u00f1os, as\u00ed como su complejidad , mermando mucho la calidad de vida de las personas. Adem\u00e1s cada son m\u00e1s tempranas las edades en las que aparece.<br \/>Durante su carrera profesional ha ejercido tanto la actividad p\u00fablica como privada, atendiendo a numerosos pacientes de todas las edades y diversas patolog\u00edas como alergias respiratorias, cut\u00e1neas, alimentarias,&#8230;.<\/p>\n<p>Debido a ello ha tenido la suerte de atender siempre a poblaci\u00f3n infantil y adem\u00e1s ha ejercido durante un a\u00f1o como pediatra, acumulando una amplia experiencia en la alergia infantil.<\/p>\n<p>[\/et_pb_text][\/et_pb_column_inner][\/et_pb_row_inner][et_pb_row_inner _builder_version=\u00bb4.24.0&#8243; _module_preset=\u00bbdefault\u00bb global_colors_info=\u00bb{}\u00bb][et_pb_column_inner saved_specialty_column_type=\u00bb3_4&#8243; _builder_version=\u00bb4.24.0&#8243; _module_preset=\u00bbdefault\u00bb global_colors_info=\u00bb{}\u00bb][et_pb_text _builder_version=\u00bb4.27.4&#8243; _module_preset=\u00bbdefault\u00bb global_colors_info=\u00bb{}\u00bb]<\/p>\n<p>As\u00ed mismo actualmente es la responsable de la consulta de asma grave tanto en ni\u00f1os como adultos del servicio de alergia de Huelva y provincia.<br \/>En su consulta tambi\u00e9n atiendo alergias alimentarias, cut\u00e1neas, himen\u00f3pteros, anafilaxias, urticarias,&#8230;<br \/>Jefa de servicio de alergia del Hospital Juan Ram\u00f3n Jim\u00e9nez, siendo el servicio de referencia de toda la provincia de Huelva.<\/p>\n<p><strong>PRINCIPALES \u00c1REAS DE TRATAMIENTO<\/strong><\/p>\n<ul>\n<li>Alergia en poblaci\u00f3n pedi\u00e1trica.<\/li>\n<li>Rinoconjuntivitis y asma.asma grave asma mal controlado o de dif\u00edcil control.<\/li>\n<li>Alergia alimentaria<\/li>\n<\/ul>\n<p>&nbsp;<\/p>\n<p><strong>OTROS SERVICIOS<\/strong><\/p>\n<ul>\n<li>Alergia alimentaria<\/li>\n<li>Urticaria cr\u00f3nica<\/li>\n<li>Dermatitis de contacto<\/li>\n<li>Alergia a himen\u00f3pteros<\/li>\n<\/ul>\n<p>[\/et_pb_text][\/et_pb_column_inner][\/et_pb_row_inner][et_pb_row_inner column_structure=\u00bb1_2,1_2&#8243; make_equal=\u00bbon\u00bb _builder_version=\u00bb4.27.4&#8243; _module_preset=\u00bbdefault\u00bb global_colors_info=\u00bb{}\u00bb][et_pb_column_inner type=\u00bb1_2&#8243; _builder_version=\u00bb4.27.4&#8243; _module_preset=\u00bbdefault\u00bb global_colors_info=\u00bb{}\u00bb saved_specialty_column_type=\u00bb3_4&#8243;][et_pb_blurb title=\u00bbSolicitar cita Online\u00bb use_icon=\u00bbon\u00bb font_icon=\u00bb&#xe023;||divi||400&#8243; icon_color=\u00bb#3d107b\u00bb image_icon_background_color=\u00bb#ffffff\u00bb image_icon_width=\u00bb48px\u00bb module_id=\u00bbcita\u00bb _builder_version=\u00bb4.27.4&#8243; header_level=\u00bbh3&#8243; header_font=\u00bb|600|||||||\u00bb header_text_align=\u00bbcenter\u00bb header_text_color=\u00bb#ffffff\u00bb header_font_size=\u00bb27px\u00bb body_font=\u00bb||||||||\u00bb body_text_color=\u00bb#ffffff\u00bb background_color=\u00bb#3d107b\u00bb image_icon_custom_padding=\u00bb25px|25px|25px|25px|false|false\u00bb custom_padding=\u00bb37px|20px||20px||\u00bb animation_style=\u00bbzoom\u00bb border_radii_image=\u00bbon|100%|100%|100%|100%\u00bb box_shadow_style=\u00bbpreset1&#8243; use_circle=\u00bbon\u00bb circle_color=\u00bb#ffffff\u00bb global_colors_info=\u00bb{}\u00bb image_icon_background_color__sticky_enabled=\u00bb#7EBEC5&#8243; image_icon_background_color__sticky=\u00bb#7EBEC5&#8243;]<\/p>\n<h4 style=\"text-align: center;\">\u00a0\u00a0<\/h4>\n<p style=\"text-align: center;\">Para solicitar cita online haga click en el siguiente bot\u00f3n.<\/p>\n<p style=\"text-align: center;\"><a href=\"https:\/\/app.clinic-cloud.com\/citaonline.php\/clinicadelcarmenhuelva\"><strong><img loading=\"lazy\" decoding=\"async\" src=\"https:\/\/clinicadelcarmenhuelva.com\/wp-content\/uploads\/2019\/07\/cita-online.png\" width=\"161\" height=\"52\" alt=\"\" class=\"wp-image-381 alignnone size-full\" \/><\/strong><\/a><\/p>\n<p style=\"text-align: center;\">Para el Dra. Hinojosa tambi\u00e9n puede solicitar cita en el siguiente tel\u00e9fono:<\/p>\n<h4 style=\"text-align: center;\"><strong><span style=\"color: #99ccff;\">959 071 281<\/span><\/strong><\/h4>\n<p><strong><span style=\"color: #99ccff;\"><\/span><\/strong><\/p>\n<p><strong><span style=\"color: #99ccff;\"><\/span><\/strong><\/p>\n<p>[\/et_pb_blurb][\/et_pb_column_inner][et_pb_column_inner type=\u00bb1_2&#8243; module_id=\u00bbdoctoralia\u00bb _builder_version=\u00bb4.27.4&#8243; _module_preset=\u00bbdefault\u00bb background_color=\u00bb#29C4A9&#8243; global_colors_info=\u00bb{}\u00bb saved_specialty_column_type=\u00bb3_4&#8243;][et_pb_image src=\u00bbhttps:\/\/clinicadelcarmenhuelva.com\/wp-content\/uploads\/2025\/05\/logodocto.png\u00bb title_text=\u00bblogodocto\u00bb _builder_version=\u00bb4.27.4&#8243; _module_preset=\u00bbdefault\u00bb width=\u00bb22%\u00bb module_alignment=\u00bbcenter\u00bb custom_padding=\u00bb35px||||false|false\u00bb global_colors_info=\u00bb{}\u00bb][\/et_pb_image][et_pb_text _builder_version=\u00bb4.27.4&#8243; _module_preset=\u00bbdefault\u00bb header_2_font=\u00bb|600|||||||\u00bb header_2_text_align=\u00bbcenter\u00bb header_2_text_color=\u00bb#FFFFFF\u00bb header_2_font_size=\u00bb30px\u00bb global_colors_info=\u00bb{}\u00bb]<\/p>\n<h2>Cita con Doctoralia<\/h2>\n<p>[\/et_pb_text][et_pb_code disabled_on=\u00bboff|off|on\u00bb _builder_version=\u00bb4.27.4&#8243; _module_preset=\u00bbdefault\u00bb custom_padding=\u00bb|10px||10px|false|false\u00bb global_colors_info=\u00bb{}\u00bb]<a href=\"https:\/\/www.doctoralia.es\/clinicas\/clinica-del-carmen\" data-zl-widget-facility=\"clinica-del-carmen\" rel=\"nofollow\" data-placement=\"inline\" data-zlw-type=\"facility-calendar\">Cl\u00ednica del Carmen<\/a><script id=\"zl-facility-widget\" src=\"https:\/\/www.doctoralia.es\/platform\/js\/widget.js\"><\/script>[\/et_pb_code][et_pb_code disabled_on=\u00bbon|on|off\u00bb _builder_version=\u00bb4.27.4&#8243; _module_preset=\u00bbdefault\u00bb text_orientation=\u00bbcenter\u00bb module_alignment=\u00bbcenter\u00bb custom_padding=\u00bb|10px||10px|false|false\u00bb global_colors_info=\u00bb{}\u00bb]<a class=\"zl-facility-url\" href=\"https:\/\/www.doctoralia.es\/clinicas\/clinica-del-carmen\" rel=\"nofollow\" data-zlw-facility=\"clinica-del-carmen\" data-zlw-type=\"facility-button\" data-zlw-saas-only=\"false\" data-zlw-a11y-title=\"Widget de reserva de citas m\u00e9dicas\">Cl\u00ednica del Carmen<\/a><script>!function($_x,_s,id){var js,fjs=$_x.getElementsByTagName(_s)[0];if(!$_x.getElementById(id)){js = $_x.createElement(_s);js.id = id;js.src = \"\/\/platform.docplanner.com\/js\/widget.js\";fjs.parentNode.insertBefore(js,fjs);}}(document,\"script\",\"zl-widget-s\");<\/script>[\/et_pb_code][\/et_pb_column_inner][\/et_pb_row_inner][\/et_pb_column][et_pb_column type=\u00bb1_4&#8243; _builder_version=\u00bb4.16&#8243; custom_padding=\u00bb|||\u00bb global_colors_info=\u00bb{}\u00bb custom_padding__hover=\u00bb|||\u00bb][dsm_menu menu_id=\u00bb11&#8243; menu_link_text_color=\u00bbrgba(255,255,255,0.6)\u00bb menu_left_space=\u00bb13px\u00bb list_style_type=\u00bbsquare\u00bb list_style_color=\u00bbrgba(255,255,255,0.63)\u00bb disabled_on=\u00bbon|on|off\u00bb _builder_version=\u00bb4.27.4&#8243; _module_preset=\u00bbdefault\u00bb header_font=\u00bb|||on|||||\u00bb menu_font=\u00bb|700||on|||||\u00bb menu_font_size=\u00bb12px\u00bb background_color=\u00bb#29C4A9&#8243; custom_padding=\u00bb10px|16px|||false|false\u00bb animation_style=\u00bbzoom\u00bb global_colors_info=\u00bb{}\u00bb][\/dsm_menu][et_pb_code _builder_version=\u00bb4.27.4&#8243; _module_preset=\u00bbdefault\u00bb global_colors_info=\u00bb{}\u00bb]<a class=\"zl-facility-url\" href=\"https:\/\/www.doctoralia.es\/clinicas\/clinica-del-carmen\" rel=\"nofollow\" data-zlw-facility=\"clinica-del-carmen\" data-zlw-type=\"certificate\" data-zlw-saas-only=\"false\" data-zlw-a11y-title=\"Widget de reserva de citas m\u00e9dicas\">Cl\u00ednica del Carmen<\/a><script>!function($_x,_s,id){var js,fjs=$_x.getElementsByTagName(_s)[0];if(!$_x.getElementById(id)){js = $_x.createElement(_s);js.id = id;js.src = \"\/\/platform.docplanner.com\/js\/widget.js\";fjs.parentNode.insertBefore(js,fjs);}}(document,\"script\",\"zl-widget-s\");<\/script>[\/et_pb_code][\/et_pb_column][\/et_pb_section][et_pb_section fb_built=\u00bb1&#8243; _builder_version=\u00bb4.27.4&#8243; _module_preset=\u00bbdefault\u00bb background_image=\u00bbhttps:\/\/clinicadelcarmenhuelva.com\/wp-content\/uploads\/2019\/07\/health-clinic-29.png\u00bb background_size=\u00bbinitial\u00bb background_repeat=\u00bbrepeat\u00bb custom_margin=\u00bb0px||||false|false\u00bb custom_padding=\u00bb0px||||false|false\u00bb global_colors_info=\u00bb{}\u00bb][et_pb_row _builder_version=\u00bb4.27.4&#8243; _module_preset=\u00bbdefault\u00bb global_colors_info=\u00bb{}\u00bb][et_pb_column type=\u00bb4_4&#8243; _builder_version=\u00bb4.27.4&#8243; _module_preset=\u00bbdefault\u00bb global_colors_info=\u00bb{}\u00bb][et_pb_code _builder_version=\u00bb4.27.4&#8243; _module_preset=\u00bbdefault\u00bb animation_style=\u00bbzoom\u00bb global_colors_info=\u00bb{}\u00bb]<iframe loading=\"lazy\" src=\"https:\/\/www.google.com\/maps\/embed?pb=!1m14!1m8!1m3!1d12702.958789098624!2d-6.952587!3d37.253883!3m2!1i1024!2i768!4f13.1!3m3!1m2!1s0x0%3A0xc7fc42c42005bb5f!2sCl%C3%ADnica+del+Carmen+-+Centro+de+Especialidades+M%C3%A9dicas!5e0!3m2!1ses!2sus!4v1564741409678!5m2!1ses!2sus\" width=\"1200\" height=\"350\" frameborder=\"0\" style=\"border: 0;\" allowfullscreen=\"\"><\/iframe>[\/et_pb_code][et_pb_image src=\u00bbhttps:\/\/clinicadelcarmenhuelva.com\/wp-content\/uploads\/2019\/07\/portadagarfe.jpg\u00bb title_text=\u00bbportadagarfe\u00bb force_fullwidth=\u00bbon\u00bb _builder_version=\u00bb4.27.4&#8243; _module_preset=\u00bbdefault\u00bb animation_style=\u00bbzoom\u00bb global_colors_info=\u00bb{}\u00bb][\/et_pb_image][\/et_pb_column][\/et_pb_row][\/et_pb_section]<\/p>\n","protected":false},"excerpt":{"rendered":"<p>Dra. Bel\u00e9n Hinojosa Jara Con m\u00e1s de 20 a\u00f1os de experiencia en alergia, actualmente ejerce como jefa de servicio de alergia en la Sanidad Onubense, actividad que compatibiliza con su consulta privada. La alergia es una patolog\u00eda que ha ido aumentando su prevalencia en los \u00faltimos a\u00f1os, as\u00ed como su complejidad , mermando mucho la [&hellip;]<\/p>\n","protected":false},"author":1,"featured_media":0,"parent":0,"menu_order":0,"comment_status":"closed","ping_status":"closed","template":"","meta":{"_et_pb_use_builder":"on","_et_pb_old_content":"","_et_gb_content_width":"","footnotes":""},"class_list":["post-339","page","type-page","status-publish","hentry"],"_links":{"self":[{"href":"https:\/\/clinicadelcarmenhuelva.com\/index.php\/wp-json\/wp\/v2\/pages\/339","targetHints":{"allow":["GET"]}}],"collection":[{"href":"https:\/\/clinicadelcarmenhuelva.com\/index.php\/wp-json\/wp\/v2\/pages"}],"about":[{"href":"https:\/\/clinicadelcarmenhuelva.com\/index.php\/wp-json\/wp\/v2\/types\/page"}],"author":[{"embeddable":true,"href":"https:\/\/clinicadelcarmenhuelva.com\/index.php\/wp-json\/wp\/v2\/users\/1"}],"replies":[{"embeddable":true,"href":"https:\/\/clinicadelcarmenhuelva.com\/index.php\/wp-json\/wp\/v2\/comments?post=339"}],"version-history":[{"count":55,"href":"https:\/\/clinicadelcarmenhuelva.com\/index.php\/wp-json\/wp\/v2\/pages\/339\/revisions"}],"predecessor-version":[{"id":2751,"href":"https:\/\/clinicadelcarmenhuelva.com\/index.php\/wp-json\/wp\/v2\/pages\/339\/revisions\/2751"}],"wp:attachment":[{"href":"https:\/\/clinicadelcarmenhuelva.com\/index.php\/wp-json\/wp\/v2\/media?parent=339"}],"curies":[{"name":"wp","href":"https:\/\/api.w.org\/{rel}","templated":true}]}}