{"id":505,"date":"2019-07-15T12:20:26","date_gmt":"2019-07-15T10:20:26","guid":{"rendered":"http:\/\/clinicadelcarmenhuelva.com\/?page_id=505"},"modified":"2025-01-15T10:19:12","modified_gmt":"2025-01-15T09:19:12","slug":"laboratorio-de-analisis-clinicos","status":"publish","type":"page","link":"https:\/\/clinicadelcarmenhuelva.com\/index.php\/laboratorio-de-analisis-clinicos\/","title":{"rendered":"Laboratorio de An\u00e1lisis Cl\u00ednicos"},"content":{"rendered":"<p>[et_pb_section fb_built=\u00bb1&#8243; _builder_version=\u00bb4.16&#8243; _module_preset=\u00bbdefault\u00bb background_color=\u00bb#3D107B\u00bb background_image=\u00bbhttps:\/\/clinicadelcarmenhuelva.com\/wp-content\/uploads\/2019\/07\/health-clinic-29.png\u00bb background_size=\u00bbinitial\u00bb background_position=\u00bbtop_left\u00bb background_repeat=\u00bbrepeat\u00bb custom_margin=\u00bb0px||0px||false|false\u00bb custom_padding=\u00bb0px||0px||false|false\u00bb global_colors_info=\u00bb{}\u00bb][et_pb_row _builder_version=\u00bb4.16&#8243; _module_preset=\u00bbdefault\u00bb animation_style=\u00bbslide\u00bb animation_direction=\u00bbright\u00bb global_colors_info=\u00bb{}\u00bb][et_pb_column type=\u00bb4_4&#8243; _builder_version=\u00bb4.16&#8243; _module_preset=\u00bbdefault\u00bb global_colors_info=\u00bb{}\u00bb][et_pb_team_member name=\u00bbLABORATORIO DE ANALISIS CL\u00cdNICOS\u00bb image_url=\u00bbhttps:\/\/clinicadelcarmenhuelva.com\/wp-content\/uploads\/2023\/11\/lab.png\u00bb _builder_version=\u00bb4.23.1&#8243; _module_preset=\u00bbdefault\u00bb header_font=\u00bb|700||on|||||\u00bb header_text_color=\u00bb#1A96D3&#8243; header_font_size=\u00bb35px\u00bb header_text_align_tablet=\u00bb\u00bb header_text_align_phone=\u00bbcenter\u00bb header_text_align_last_edited=\u00bbon|phone\u00bb text_orientation_tablet=\u00bb\u00bb text_orientation_phone=\u00bbcenter\u00bb text_orientation_last_edited=\u00bbon|phone\u00bb global_colors_info=\u00bb{}\u00bb][\/et_pb_team_member][et_pb_button button_url=\u00bb#cita\u00bb button_text=\u00bbSolicitar Cita\u00bb button_alignment_tablet=\u00bb\u00bb button_alignment_phone=\u00bbcenter\u00bb button_alignment_last_edited=\u00bbon|desktop\u00bb _builder_version=\u00bb4.16&#8243; _module_preset=\u00bbdefault\u00bb custom_button=\u00bbon\u00bb button_text_size=\u00bb15px\u00bb button_text_color=\u00bb#3D107B\u00bb button_bg_color=\u00bb#FFFFFF\u00bb button_letter_spacing=\u00bb3px\u00bb button_font=\u00bb|700||on|||||\u00bb custom_margin=\u00bb-75px|||120px|false|false\u00bb custom_margin_tablet=\u00bb-89px||||false|false\u00bb custom_margin_phone=\u00bb-22px|||0px|false|false\u00bb custom_margin_last_edited=\u00bbon|phone\u00bb global_colors_info=\u00bb{}\u00bb][\/et_pb_button][\/et_pb_column][\/et_pb_row][\/et_pb_section][et_pb_section fb_built=\u00bb1&#8243; specialty=\u00bbon\u00bb _builder_version=\u00bb4.16&#8243; _module_preset=\u00bbdefault\u00bb background_image=\u00bbhttps:\/\/clinicadelcarmenhuelva.com\/wp-content\/uploads\/2019\/07\/health-clinic-29.png\u00bb background_size=\u00bbinitial\u00bb background_repeat=\u00bbrepeat\u00bb custom_padding=\u00bb5px|||||\u00bb global_colors_info=\u00bb{}\u00bb][et_pb_column type=\u00bb3_4&#8243; specialty_columns=\u00bb3&#8243; _builder_version=\u00bb4.16&#8243; custom_padding=\u00bb|||\u00bb global_colors_info=\u00bb{}\u00bb custom_padding__hover=\u00bb|||\u00bb][et_pb_row_inner use_custom_gutter=\u00bbon\u00bb make_equal=\u00bbon\u00bb _builder_version=\u00bb4.16&#8243; _module_preset=\u00bbdefault\u00bb global_colors_info=\u00bb{}\u00bb][et_pb_column_inner saved_specialty_column_type=\u00bb3_4&#8243; _builder_version=\u00bb4.16&#8243; _module_preset=\u00bbdefault\u00bb global_colors_info=\u00bb{}\u00bb][et_pb_team_member name=\u00bbCLINILAB &#8211; Elvira Marfil Lillo\u00bb _builder_version=\u00bb4.17.6&#8243; _module_preset=\u00bbdefault\u00bb header_font=\u00bb|700|||||||\u00bb header_text_color=\u00bb#000000&#8243; animation_style=\u00bbzoom\u00bb border_width_all_image=\u00bb9px\u00bb border_color_all_image=\u00bbrgba(255,255,255,0)\u00bb global_colors_info=\u00bb{}\u00bb]<\/p>\n<p>En Clinilab nos dedicamos a la realizaci\u00f3n de todo tipo de an\u00e1lisis cl\u00ednicos. Contamos con un equipo de profesionales comprometidos con la prestaci\u00f3n de servicios de la mejor calidad, que hacen uso de toda su experiencia m\u00e9dica y cient\u00edfica en funci\u00f3n de las necesidades y exigencias de los clientes. Todos bajo el liderazgo de la licenciada Elvira Marfil Lillo.<\/p>\n<p>La trayectoria profesional de nuestro laboratorio nos permite atender la amplia demanda, garantizando en todos los casos resultados de confianza. Los clientes valoran nuestras buenas pr\u00e1cticas cl\u00ednicas as\u00ed como las posibilidades que ofrecemos en servicios y precios.<\/p>\n<p>La garant\u00eda de los resultados est\u00e1 supeditada al soporte que nos dan los procedimientos empleados y el equipamiento del que dispone nuestrolaboratorio. Cons\u00faltenos ahora mismo, tenemos amplias instalaciones en la localidad de Huelva.<\/p>\n<p>Atendemos a todas las aseguradoras sanitarias<\/p>\n<p>[\/et_pb_team_member][\/et_pb_column_inner][\/et_pb_row_inner][et_pb_row_inner column_structure=\u00bb1_2,1_2&#8243; make_equal=\u00bbon\u00bb _builder_version=\u00bb4.16&#8243; _module_preset=\u00bbdefault\u00bb global_colors_info=\u00bb{}\u00bb][et_pb_column_inner type=\u00bb1_2&#8243; saved_specialty_column_type=\u00bb3_4&#8243; _builder_version=\u00bb4.16&#8243; _module_preset=\u00bbdefault\u00bb global_colors_info=\u00bb{}\u00bb][et_pb_blurb title=\u00bbSin cita previa\u00bb use_icon=\u00bbon\u00bb font_icon=\u00bb&#xe06b;||divi||400&#8243; icon_color=\u00bb#3d107b\u00bb image_icon_background_color=\u00bb#ffffff\u00bb image_icon_width=\u00bb48px\u00bb module_id=\u00bbcita\u00bb _builder_version=\u00bb4.16&#8243; header_level=\u00bbh3&#8243; header_font=\u00bb|600|||||||\u00bb header_text_align=\u00bbcenter\u00bb header_text_color=\u00bb#ffffff\u00bb header_font_size=\u00bb27px\u00bb body_font=\u00bb||||||||\u00bb body_text_color=\u00bb#ffffff\u00bb background_color=\u00bb#3d107b\u00bb image_icon_custom_padding=\u00bb25px|25px|25px|25px|false|false\u00bb custom_padding=\u00bb20px|20px||20px\u00bb animation_style=\u00bbslide\u00bb border_radii_image=\u00bbon|100%|100%|100%|100%\u00bb box_shadow_style=\u00bbpreset1&#8243; use_circle=\u00bbon\u00bb circle_color=\u00bb#ffffff\u00bb global_colors_info=\u00bb{}\u00bb image_icon_background_color__sticky_enabled=\u00bb#7EBEC5&#8243; image_icon_background_color__sticky=\u00bb#7EBEC5&#8243;]<\/p>\n<p style=\"text-align: center;\">Esta especialidad no precisa de cita previa. El horario de atenci\u00f3n es el siguiente:<\/p>\n<h3 style=\"text-align: center;\"><span style=\"text-decoration: underline; color: #99ccff;\"><span color=\"#99ccff\"><b>Lunes a Viernes<\/b><\/span><\/span><\/h3>\n<h3 style=\"text-align: center;\"><span color=\"#99ccff\" style=\"color: #99ccff;\">Ma\u00f1anas de 08:00 a 11:00 h <\/span><\/h3>\n<h3 style=\"text-align: center;\"><\/h3>\n<p>&nbsp;<\/p>\n<p>[\/et_pb_blurb][\/et_pb_column_inner][et_pb_column_inner type=\u00bb1_2&#8243; saved_specialty_column_type=\u00bb3_4&#8243; _builder_version=\u00bb4.16&#8243; _module_preset=\u00bbdefault\u00bb global_colors_info=\u00bb{}\u00bb][et_pb_code _builder_version=\u00bb4.16&#8243; _module_preset=\u00bbdefault\u00bb animation_style=\u00bbzoom\u00bb global_colors_info=\u00bb{}\u00bb]<iframe loading=\"lazy\" src=\"https:\/\/www.google.com\/maps\/embed?pb=!1m14!1m8!1m3!1d12702.958789098624!2d-6.952587!3d37.253883!3m2!1i1024!2i768!4f13.1!3m3!1m2!1s0x0%3A0xc7fc42c42005bb5f!2sCl%C3%ADnica+del+Carmen+-+Centro+de+Especialidades+M%C3%A9dicas!5e0!3m2!1ses!2sus!4v1564741409678!5m2!1ses!2sus\" width=\"600\" height=\"350\" frameborder=\"0\" style=\"border: 0;\" allowfullscreen=\"\"><\/iframe>[\/et_pb_code][\/et_pb_column_inner][\/et_pb_row_inner][et_pb_row_inner _builder_version=\u00bb4.16&#8243; _module_preset=\u00bbdefault\u00bb global_colors_info=\u00bb{}\u00bb][et_pb_column_inner saved_specialty_column_type=\u00bb3_4&#8243; _builder_version=\u00bb4.16&#8243; _module_preset=\u00bbdefault\u00bb global_colors_info=\u00bb{}\u00bb][et_pb_image src=\u00bbhttps:\/\/clinicadelcarmenhuelva.com\/wp-content\/uploads\/2019\/07\/portadagarfe.jpg\u00bb title_text=\u00bbportadagarfe\u00bb _builder_version=\u00bb4.16&#8243; _module_preset=\u00bbdefault\u00bb animation_style=\u00bbzoom\u00bb global_colors_info=\u00bb{}\u00bb][\/et_pb_image][\/et_pb_column_inner][\/et_pb_row_inner][\/et_pb_column][et_pb_column type=\u00bb1_4&#8243; _builder_version=\u00bb4.16&#8243; custom_padding=\u00bb|||\u00bb global_colors_info=\u00bb{}\u00bb custom_padding__hover=\u00bb|||\u00bb][dsm_menu menu_id=\u00bb11&#8243; menu_link_text_color=\u00bbrgba(255,255,255,0.6)\u00bb menu_left_space=\u00bb13px\u00bb list_style_type=\u00bbsquare\u00bb list_style_color=\u00bbrgba(255,255,255,0.63)\u00bb _builder_version=\u00bb4.16&#8243; _module_preset=\u00bbdefault\u00bb header_font=\u00bb|||on|||||\u00bb menu_font=\u00bb|700||on|||||\u00bb menu_font_size=\u00bb12px\u00bb background_color=\u00bb#29C4A9&#8243; custom_padding=\u00bb10px|16px|||false|false\u00bb animation_style=\u00bbzoom\u00bb global_colors_info=\u00bb{}\u00bb][\/dsm_menu][\/et_pb_column][\/et_pb_section]<\/p>\n","protected":false},"excerpt":{"rendered":"<p>En Clinilab nos dedicamos a la realizaci\u00f3n de todo tipo de an\u00e1lisis cl\u00ednicos. Contamos con un equipo de profesionales comprometidos con la prestaci\u00f3n de servicios de la mejor calidad, que hacen uso de toda su experiencia m\u00e9dica y cient\u00edfica en funci\u00f3n de las necesidades y exigencias de los clientes. Todos bajo el liderazgo de la [&hellip;]<\/p>\n","protected":false},"author":1,"featured_media":0,"parent":0,"menu_order":0,"comment_status":"closed","ping_status":"closed","template":"","meta":{"_et_pb_use_builder":"on","_et_pb_old_content":"","_et_gb_content_width":"","footnotes":""},"class_list":["post-505","page","type-page","status-publish","hentry"],"_links":{"self":[{"href":"https:\/\/clinicadelcarmenhuelva.com\/index.php\/wp-json\/wp\/v2\/pages\/505","targetHints":{"allow":["GET"]}}],"collection":[{"href":"https:\/\/clinicadelcarmenhuelva.com\/index.php\/wp-json\/wp\/v2\/pages"}],"about":[{"href":"https:\/\/clinicadelcarmenhuelva.com\/index.php\/wp-json\/wp\/v2\/types\/page"}],"author":[{"embeddable":true,"href":"https:\/\/clinicadelcarmenhuelva.com\/index.php\/wp-json\/wp\/v2\/users\/1"}],"replies":[{"embeddable":true,"href":"https:\/\/clinicadelcarmenhuelva.com\/index.php\/wp-json\/wp\/v2\/comments?post=505"}],"version-history":[{"count":13,"href":"https:\/\/clinicadelcarmenhuelva.com\/index.php\/wp-json\/wp\/v2\/pages\/505\/revisions"}],"predecessor-version":[{"id":2606,"href":"https:\/\/clinicadelcarmenhuelva.com\/index.php\/wp-json\/wp\/v2\/pages\/505\/revisions\/2606"}],"wp:attachment":[{"href":"https:\/\/clinicadelcarmenhuelva.com\/index.php\/wp-json\/wp\/v2\/media?parent=505"}],"curies":[{"name":"wp","href":"https:\/\/api.w.org\/{rel}","templated":true}]}}