{"id":675,"date":"2019-07-22T11:25:36","date_gmt":"2019-07-22T09:25:36","guid":{"rendered":"http:\/\/clinicadelcarmenhuelva.com\/?page_id=675"},"modified":"2023-11-29T12:32:37","modified_gmt":"2023-11-29T11:32:37","slug":"reconocimientos-medicos","status":"publish","type":"page","link":"https:\/\/clinicadelcarmenhuelva.com\/index.php\/reconocimientos-medicos\/","title":{"rendered":"Reconocimientos M\u00e9dicos"},"content":{"rendered":"<p>[et_pb_section fb_built=\u00bb1&#8243; _builder_version=\u00bb4.16&#8243; _module_preset=\u00bbdefault\u00bb background_color=\u00bb#3D107B\u00bb background_image=\u00bbhttp:\/\/clinicadelcarmenhuelva.com\/wp-content\/uploads\/2019\/07\/health-clinic-29.png\u00bb background_size=\u00bbinitial\u00bb background_position=\u00bbtop_left\u00bb background_repeat=\u00bbrepeat\u00bb custom_margin=\u00bb0px||0px||false|false\u00bb custom_padding=\u00bb0px||0px||false|false\u00bb global_colors_info=\u00bb{}\u00bb][et_pb_row _builder_version=\u00bb4.16&#8243; _module_preset=\u00bbdefault\u00bb animation_style=\u00bbslide\u00bb animation_direction=\u00bbright\u00bb global_colors_info=\u00bb{}\u00bb][et_pb_column type=\u00bb4_4&#8243; _builder_version=\u00bb4.16&#8243; _module_preset=\u00bbdefault\u00bb global_colors_info=\u00bb{}\u00bb][et_pb_team_member name=\u00bbRECONOCIMIENTOS M\u00c9DICOS\u00bb image_url=\u00bbhttp:\/\/clinicadelcarmenhuelva.com\/wp-content\/uploads\/2019\/07\/RECOS-e1636967333493.png\u00bb _builder_version=\u00bb4.16&#8243; _module_preset=\u00bbdefault\u00bb header_font=\u00bb|700||on|||||\u00bb header_text_color=\u00bb#1A96D3&#8243; header_font_size=\u00bb35px\u00bb header_text_align_tablet=\u00bb\u00bb header_text_align_phone=\u00bbcenter\u00bb header_text_align_last_edited=\u00bbon|phone\u00bb header_font_size_tablet=\u00bb35px\u00bb header_font_size_phone=\u00bb32px\u00bb header_font_size_last_edited=\u00bbon|phone\u00bb text_orientation_tablet=\u00bb\u00bb text_orientation_phone=\u00bbcenter\u00bb text_orientation_last_edited=\u00bbon|phone\u00bb global_colors_info=\u00bb{}\u00bb][\/et_pb_team_member][et_pb_button button_url=\u00bb#cita\u00bb button_text=\u00bbSolicitar Cita\u00bb button_text_tablet=\u00bbSolicitar Cita\u00bb button_text_phone=\u00bbSolicitar Cita\u00bb button_text_last_edited=\u00bbon|tablet\u00bb button_alignment_tablet=\u00bb\u00bb button_alignment_phone=\u00bbcenter\u00bb button_alignment_last_edited=\u00bbon|desktop\u00bb _builder_version=\u00bb4.16&#8243; _module_preset=\u00bbdefault\u00bb custom_button=\u00bbon\u00bb button_text_size=\u00bb15px\u00bb button_text_color=\u00bb#3D107B\u00bb button_bg_color=\u00bb#FFFFFF\u00bb button_letter_spacing=\u00bb3px\u00bb button_font=\u00bb|700||on|||||\u00bb custom_margin=\u00bb-75px|||130px|false|false\u00bb custom_margin_tablet=\u00bb-58px||||false|false\u00bb custom_margin_phone=\u00bb-22px|||0px|false|false\u00bb custom_margin_last_edited=\u00bbon|phone\u00bb global_colors_info=\u00bb{}\u00bb][\/et_pb_button][\/et_pb_column][\/et_pb_row][\/et_pb_section][et_pb_section fb_built=\u00bb1&#8243; specialty=\u00bbon\u00bb _builder_version=\u00bb4.16&#8243; _module_preset=\u00bbdefault\u00bb background_image=\u00bbhttp:\/\/clinicadelcarmenhuelva.com\/wp-content\/uploads\/2019\/07\/health-clinic-29.png\u00bb background_size=\u00bbinitial\u00bb background_repeat=\u00bbrepeat\u00bb custom_padding=\u00bb5px|||||\u00bb global_colors_info=\u00bb{}\u00bb][et_pb_column type=\u00bb3_4&#8243; specialty_columns=\u00bb3&#8243; _builder_version=\u00bb4.16&#8243; custom_padding=\u00bb|||\u00bb global_colors_info=\u00bb{}\u00bb custom_padding__hover=\u00bb|||\u00bb][et_pb_row_inner use_custom_gutter=\u00bbon\u00bb make_equal=\u00bbon\u00bb _builder_version=\u00bb4.16&#8243; _module_preset=\u00bbdefault\u00bb global_colors_info=\u00bb{}\u00bb][et_pb_column_inner saved_specialty_column_type=\u00bb3_4&#8243; _builder_version=\u00bb4.16&#8243; _module_preset=\u00bbdefault\u00bb global_colors_info=\u00bb{}\u00bb][et_pb_accordion icon_color=\u00bb#1a96d3&#8243; use_icon_font_size=\u00bbon\u00bb icon_font_size=\u00bb25px\u00bb _builder_version=\u00bb4.23.1&#8243; animation_style=\u00bbflip\u00bb global_colors_info=\u00bb{}\u00bb][et_pb_accordion_item title=\u00bbCONDUCTORES &#8211; CRC Cl\u00ednica del Carmen\u00bb open=\u00bbon\u00bb open_toggle_text_color=\u00bb#1a96d3&#8243; _builder_version=\u00bb4.23.1&#8243; global_colors_info=\u00bb{}\u00bb toggle_font=\u00bb|700|||||||\u00bb toggle_font_size=\u00bb25px\u00bb]<\/p>\n<p><img loading=\"lazy\" decoding=\"async\" src=\"http:\/\/clinicadelcarmenhuelva.com\/wp-content\/uploads\/2019\/07\/Truck_Driver_Holding_Card_copia-300x200.png\" width=\"300\" height=\"200\" alt=\"\" class=\"wp-image-684 alignright size-medium\" srcset=\"https:\/\/clinicadelcarmenhuelva.com\/wp-content\/uploads\/2019\/07\/Truck_Driver_Holding_Card_copia-300x200.png 300w, https:\/\/clinicadelcarmenhuelva.com\/wp-content\/uploads\/2019\/07\/Truck_Driver_Holding_Card_copia.png 709w\" sizes=\"(max-width: 300px) 100vw, 300px\" \/><span style=\"font-size: 18px; color: #3d107b;\"><strong><\/strong><\/span><\/p>\n<p>H0051<br \/>Renovamos carnet de conducir, expedici\u00f3n,&#8230;<br \/>Reconocimientos para permisos de armas, pesca, caza, animales peligrosos<br \/>Certificados en general.<br \/><strong>Coger cita al 666 463 236<\/strong><\/p>\n<p><strong>NO HACE FALTA FOTO!!!!<\/strong><\/p>\n<p><span style=\"color: #1a96d3;\"><strong>Horarios: de lunes a viernes de : 8:30 a 13:30<\/strong><\/span><\/p>\n<p>&nbsp;<\/p>\n<p>[\/et_pb_accordion_item][et_pb_accordion_item title=\u00bbBUCEO\u00bb open_toggle_text_color=\u00bb#1a96d3&#8243; _builder_version=\u00bb4.16&#8243; global_colors_info=\u00bb{}\u00bb toggle_font=\u00bb|700|||||||\u00bb toggle_font_size=\u00bb25px\u00bb open=\u00bboff\u00bb]<\/p>\n<h4><strong><span style=\"color: #3d107b;\">Dr. Rafael Rodr\u00edguez Gal\u00e1n<\/span><\/strong><\/h4>\n<p><img loading=\"lazy\" decoding=\"async\" src=\"http:\/\/clinicadelcarmenhuelva.com\/wp-content\/uploads\/2019\/07\/RECOSBUCEO-150x150.png\" width=\"150\" height=\"150\" alt=\"\" class=\"wp-image-682 alignleft size-thumbnail\" style=\"background-color: #ffffff; font-size: 14px;\" srcset=\"https:\/\/clinicadelcarmenhuelva.com\/wp-content\/uploads\/2019\/07\/RECOSBUCEO-150x150.png 150w, https:\/\/clinicadelcarmenhuelva.com\/wp-content\/uploads\/2019\/07\/RECOSBUCEO.png 300w\" sizes=\"(max-width: 150px) 100vw, 150px\" \/><\/p>\n<p>Un buen reconocimiento m\u00e9dico es fundamental para descubrir enfermedades que puedan suponer una contraindicaci\u00f3n para el buceo. Adem\u00e1s, sirve para prevenir una gran parte de posibles accidentes en el futuro. A partir de cierta edad, aunque el buceo es una actividad relajada, es necesario conocer si nuestro cuerpo va a poder responder sin riesgo para nuestra salud ante cualquier incremento en la intensidad f\u00edsica que realizamos durante una inmersi\u00f3n.<\/p>\n<p>&nbsp;<\/p>\n<p>[\/et_pb_accordion_item][et_pb_accordion_item title=\u00bbDEPORTES &#8211; F\u00fatbol\u00bb open_toggle_text_color=\u00bb#1a96d3&#8243; _builder_version=\u00bb4.16&#8243; global_colors_info=\u00bb{}\u00bb toggle_font=\u00bb|700|||||||\u00bb toggle_font_size=\u00bb25px\u00bb open=\u00bboff\u00bb]<\/p>\n<h4><strong><span style=\"color: #3d107b;\">Categorias Infantiles, Profesionales y Entrenadores<\/span><\/strong><\/h4>\n<p><img loading=\"lazy\" decoding=\"async\" src=\"http:\/\/clinicadelcarmenhuelva.com\/wp-content\/uploads\/2019\/07\/RECOSFUTBOL-150x150.png\" width=\"150\" height=\"150\" alt=\"\" class=\"wp-image-680 alignleft size-thumbnail\" srcset=\"https:\/\/clinicadelcarmenhuelva.com\/wp-content\/uploads\/2019\/07\/RECOSFUTBOL-150x150.png 150w, https:\/\/clinicadelcarmenhuelva.com\/wp-content\/uploads\/2019\/07\/RECOSFUTBOL.png 300w\" sizes=\"(max-width: 150px) 100vw, 150px\" \/><\/p>\n<p>Un reconocimiento m\u00e9dico es el conjunto de pruebas espec\u00edficas enfocadas a la averiguaci\u00f3n de posibles lesiones, alteraciones o anomal\u00edas org\u00e1nicas. En funci\u00f3n del objeto de la consulta, ya sea profesional, deportivo o meramente informativo, las pruebas deber\u00e1n orientarse en esa direcci\u00f3n. En el caso del reconocimiento m\u00e9dico deportivo, debemos acudir a centros especializados provistos de la aparatolog\u00eda necesaria. Los centros deportivos, as\u00ed como polideportivos, son lugares id\u00f3neos para ello gracias a la disponibilidad de instalaciones a su alcance.<br \/> Es recomendable realizar un reconocimiento m\u00e9dico anual, por el simple hecho de llevar un control sobre nuestro estado de salud; igualmente, es \u00fatil su cumplimiento cada vez que se emprende una nueva actividad deportiva, de esta forma se puede saber si se est\u00e1 f\u00edsicamente preparado para ello. M\u00e1s significativa, y peri\u00f3dica, ser\u00e1 su ejecuci\u00f3n para personas con lesiones importantes, cardiopat\u00edas\u2026 o individuos de la tercera edad, siendo recomendable acudir al mismo centro, a fin de conseguir un mejor seguimiento de la patolog\u00eda.<\/p>\n<p>&nbsp;<\/p>\n<p>[\/et_pb_accordion_item][et_pb_accordion_item title=\u00bbCERTIFICADO AMARILLO \u00bb open_toggle_text_color=\u00bb#1a96d3&#8243; _builder_version=\u00bb4.16&#8243; global_colors_info=\u00bb{}\u00bb toggle_font=\u00bb|700|||||||\u00bb toggle_font_size=\u00bb25px\u00bb open=\u00bboff\u00bb]<\/p>\n<p><img loading=\"lazy\" decoding=\"async\" src=\"http:\/\/clinicadelcarmenhuelva.com\/wp-content\/uploads\/2019\/07\/RECOSCERF-150x150.png\" width=\"99\" height=\"99\" alt=\"\" class=\"wp-image-681 alignleft size-thumbnail\" srcset=\"https:\/\/clinicadelcarmenhuelva.com\/wp-content\/uploads\/2019\/07\/RECOSCERF-150x150.png 150w, https:\/\/clinicadelcarmenhuelva.com\/wp-content\/uploads\/2019\/07\/RECOSCERF.png 300w\" sizes=\"(max-width: 99px) 100vw, 99px\" \/><br \/> El certificado m\u00e9dico es un documento oficialadministrativo, con un valor reforzado penalmente, que expiden m\u00e9dicos colegiados a los ciudadanos, para declarar un estado de salud del paciente que lo solicita.<\/p>\n<p>Existen certificados m\u00e9dicos de distintas caracter\u00edsticas: de defunci\u00f3n, de salud, para permiso de conducci\u00f3n o de armas. \u00a0<\/p>\n<p>[\/et_pb_accordion_item][\/et_pb_accordion][\/et_pb_column_inner][\/et_pb_row_inner][et_pb_row_inner column_structure=\u00bb1_2,1_2&#8243; make_equal=\u00bbon\u00bb _builder_version=\u00bb4.23.1&#8243; _module_preset=\u00bbdefault\u00bb hover_enabled=\u00bb0&#8243; global_colors_info=\u00bb{}\u00bb sticky_enabled=\u00bb0&#8243; module_id=\u00bbcita\u00bb][et_pb_column_inner type=\u00bb1_2&#8243; saved_specialty_column_type=\u00bb3_4&#8243; _builder_version=\u00bb4.16&#8243; _module_preset=\u00bbdefault\u00bb global_colors_info=\u00bb{}\u00bb][et_pb_blurb title=\u00bbSolicitar Cita\u00bb use_icon=\u00bbon\u00bb font_icon=\u00bb&#xe023;||divi||400&#8243; icon_color=\u00bb#3d107b\u00bb image_icon_background_color=\u00bb#ffffff\u00bb image_icon_width=\u00bb48px\u00bb _builder_version=\u00bb4.23.1&#8243; header_level=\u00bbh3&#8243; header_font=\u00bb|600|||||||\u00bb header_text_align=\u00bbcenter\u00bb header_text_color=\u00bb#ffffff\u00bb header_font_size=\u00bb27px\u00bb body_font=\u00bb||||||||\u00bb body_text_color=\u00bb#ffffff\u00bb background_color=\u00bb#3d107b\u00bb image_icon_custom_padding=\u00bb25px|25px|25px|25px|false|false\u00bb custom_padding=\u00bb37px|20px||20px||\u00bb animation_style=\u00bbzoom\u00bb hover_enabled=\u00bb0&#8243; border_radii_image=\u00bbon|100%|100%|100%|100%\u00bb box_shadow_style=\u00bbpreset1&#8243; use_circle=\u00bbon\u00bb circle_color=\u00bb#ffffff\u00bb global_colors_info=\u00bb{}\u00bb image_icon_background_color__sticky_enabled=\u00bb#7EBEC5&#8243; image_icon_background_color__sticky=\u00bb#7EBEC5&#8243; sticky_enabled=\u00bb0&#8243; custom_margin_last_edited=\u00bbon|phone\u00bb custom_margin_phone=\u00bb100px||||false|false\u00bb]<\/p>\n<h3 style=\"text-align: center;\"><span style=\"color: #00ffff;\"><strong>\u00a0666 463 236<\/strong><\/span><\/h3>\n<p style=\"text-align: center;\">*Para los Reconocimientos M\u00e9dicos de <span style=\"color: #00ccff;\"><strong>BUCEO<\/strong><\/span> llamar al 959 542 018<\/p>\n<p style=\"text-align: center;\"><a href=\"https:\/\/app.clinic-cloud.com\/citaonline.php\/clinicadelcarmenhuelva\"><strong><img loading=\"lazy\" decoding=\"async\" src=\"http:\/\/clinicadelcarmenhuelva.com\/wp-content\/uploads\/2019\/07\/cita-online.png\" width=\"161\" height=\"52\" alt=\"\" class=\"wp-image-381 alignnone size-full\" \/><\/strong><\/a><\/p>\n<p style=\"text-align: center;\">[\/et_pb_blurb][\/et_pb_column_inner][et_pb_column_inner type=\u00bb1_2&#8243; saved_specialty_column_type=\u00bb3_4&#8243; _builder_version=\u00bb4.16&#8243; _module_preset=\u00bbdefault\u00bb global_colors_info=\u00bb{}\u00bb][et_pb_code _builder_version=\u00bb4.16&#8243; _module_preset=\u00bbdefault\u00bb animation_style=\u00bbzoom\u00bb global_colors_info=\u00bb{}\u00bb]<iframe loading=\"lazy\" src=\"https:\/\/www.google.com\/maps\/embed?pb=!1m14!1m8!1m3!1d12702.958789098624!2d-6.952587!3d37.253883!3m2!1i1024!2i768!4f13.1!3m3!1m2!1s0x0%3A0xc7fc42c42005bb5f!2sCl%C3%ADnica+del+Carmen+-+Centro+de+Especialidades+M%C3%A9dicas!5e0!3m2!1ses!2sus!4v1564741409678!5m2!1ses!2sus\" width=\"600\" height=\"350\" frameborder=\"0\" style=\"border: 0;\" allowfullscreen=\"\"><\/iframe>[\/et_pb_code][\/et_pb_column_inner][\/et_pb_row_inner][et_pb_row_inner _builder_version=\u00bb4.16&#8243; _module_preset=\u00bbdefault\u00bb global_colors_info=\u00bb{}\u00bb][et_pb_column_inner saved_specialty_column_type=\u00bb3_4&#8243; _builder_version=\u00bb4.16&#8243; _module_preset=\u00bbdefault\u00bb global_colors_info=\u00bb{}\u00bb][et_pb_image src=\u00bbhttp:\/\/clinicadelcarmenhuelva.com\/wp-content\/uploads\/2019\/07\/portadagarfe.jpg\u00bb title_text=\u00bbportadagarfe\u00bb _builder_version=\u00bb4.16&#8243; _module_preset=\u00bbdefault\u00bb animation_style=\u00bbzoom\u00bb global_colors_info=\u00bb{}\u00bb][\/et_pb_image][\/et_pb_column_inner][\/et_pb_row_inner][\/et_pb_column][et_pb_column type=\u00bb1_4&#8243; _builder_version=\u00bb4.16&#8243; custom_padding=\u00bb|||\u00bb global_colors_info=\u00bb{}\u00bb custom_padding__hover=\u00bb|||\u00bb][dsm_menu menu_id=\u00bb11&#8243; menu_link_text_color=\u00bbrgba(255,255,255,0.6)\u00bb menu_left_space=\u00bb13px\u00bb list_style_type=\u00bbsquare\u00bb list_style_color=\u00bbrgba(255,255,255,0.63)\u00bb _builder_version=\u00bb4.16&#8243; _module_preset=\u00bbdefault\u00bb header_font=\u00bb|||on|||||\u00bb menu_font=\u00bb|700||on|||||\u00bb menu_font_size=\u00bb12px\u00bb background_color=\u00bb#29C4A9&#8243; custom_padding=\u00bb10px|16px|||false|false\u00bb animation_style=\u00bbzoom\u00bb global_colors_info=\u00bb{}\u00bb][\/dsm_menu][\/et_pb_column][\/et_pb_section]<\/p>\n","protected":false},"excerpt":{"rendered":"<p>H0051Renovamos carnet de conducir, expedici\u00f3n,&#8230;Reconocimientos para permisos de armas, pesca, caza, animales peligrososCertificados en general.Coger cita al 666 463 236 NO HACE FALTA FOTO!!!! Horarios: de lunes a viernes de : 8:30 a 13:30 &nbsp;Dr. Rafael Rodr\u00edguez Gal\u00e1n Un buen reconocimiento m\u00e9dico es fundamental para descubrir enfermedades que puedan suponer una contraindicaci\u00f3n para el buceo. [&hellip;]<\/p>\n","protected":false},"author":1,"featured_media":0,"parent":0,"menu_order":0,"comment_status":"closed","ping_status":"closed","template":"","meta":{"_et_pb_use_builder":"on","_et_pb_old_content":"","_et_gb_content_width":"","footnotes":""},"class_list":["post-675","page","type-page","status-publish","hentry"],"_links":{"self":[{"href":"https:\/\/clinicadelcarmenhuelva.com\/index.php\/wp-json\/wp\/v2\/pages\/675","targetHints":{"allow":["GET"]}}],"collection":[{"href":"https:\/\/clinicadelcarmenhuelva.com\/index.php\/wp-json\/wp\/v2\/pages"}],"about":[{"href":"https:\/\/clinicadelcarmenhuelva.com\/index.php\/wp-json\/wp\/v2\/types\/page"}],"author":[{"embeddable":true,"href":"https:\/\/clinicadelcarmenhuelva.com\/index.php\/wp-json\/wp\/v2\/users\/1"}],"replies":[{"embeddable":true,"href":"https:\/\/clinicadelcarmenhuelva.com\/index.php\/wp-json\/wp\/v2\/comments?post=675"}],"version-history":[{"count":21,"href":"https:\/\/clinicadelcarmenhuelva.com\/index.php\/wp-json\/wp\/v2\/pages\/675\/revisions"}],"predecessor-version":[{"id":2489,"href":"https:\/\/clinicadelcarmenhuelva.com\/index.php\/wp-json\/wp\/v2\/pages\/675\/revisions\/2489"}],"wp:attachment":[{"href":"https:\/\/clinicadelcarmenhuelva.com\/index.php\/wp-json\/wp\/v2\/media?parent=675"}],"curies":[{"name":"wp","href":"https:\/\/api.w.org\/{rel}","templated":true}]}}