{"id":704,"date":"2019-07-24T11:26:29","date_gmt":"2019-07-24T09:26:29","guid":{"rendered":"http:\/\/clinicadelcarmenhuelva.com\/?page_id=704"},"modified":"2025-05-30T11:18:41","modified_gmt":"2025-05-30T09:18:41","slug":"reumatologia","status":"publish","type":"page","link":"https:\/\/clinicadelcarmenhuelva.com\/index.php\/reumatologia\/","title":{"rendered":"Reumatolog\u00eda"},"content":{"rendered":"<p>[et_pb_section fb_built=\u00bb1&#8243; custom_padding_last_edited=\u00bbon|desktop\u00bb _builder_version=\u00bb4.27.4&#8243; _module_preset=\u00bbdefault\u00bb background_color=\u00bb#3D107B\u00bb background_image=\u00bbhttps:\/\/clinicadelcarmenhuelva.com\/wp-content\/uploads\/2019\/07\/health-clinic-29.png\u00bb background_size=\u00bbinitial\u00bb background_position=\u00bbtop_left\u00bb background_repeat=\u00bbrepeat\u00bb custom_margin=\u00bb0px||0px||false|false\u00bb custom_padding=\u00bb0px||40px||false|false\u00bb custom_padding_tablet=\u00bb||0px||false|false\u00bb custom_padding_phone=\u00bb||0px||false|false\u00bb global_colors_info=\u00bb{}\u00bb theme_builder_area=\u00bbpost_content\u00bb][et_pb_row _builder_version=\u00bb4.16&#8243; _module_preset=\u00bbdefault\u00bb animation_style=\u00bbslide\u00bb animation_direction=\u00bbright\u00bb global_colors_info=\u00bb{}\u00bb theme_builder_area=\u00bbpost_content\u00bb][et_pb_column type=\u00bb4_4&#8243; _builder_version=\u00bb4.16&#8243; _module_preset=\u00bbdefault\u00bb global_colors_info=\u00bb{}\u00bb theme_builder_area=\u00bbpost_content\u00bb][et_pb_team_member name=\u00bbREUMATOLOG\u00cdA\u00bb image_url=\u00bbhttps:\/\/clinicadelcarmenhuelva.com\/wp-content\/uploads\/2019\/07\/reuma-e1636967830230.png\u00bb _builder_version=\u00bb4.27.4&#8243; _module_preset=\u00bbdefault\u00bb header_font=\u00bb|700||on|||||\u00bb header_text_color=\u00bb#1A96D3&#8243; header_font_size=\u00bb35px\u00bb custom_margin=\u00bb||35px||false|false\u00bb custom_margin_tablet=\u00bb||35px||false|false\u00bb custom_margin_phone=\u00bb||35px||false|false\u00bb custom_margin_last_edited=\u00bbon|desktop\u00bb hover_enabled=\u00bb0&#8243; header_text_align_tablet=\u00bb\u00bb header_text_align_phone=\u00bbcenter\u00bb header_text_align_last_edited=\u00bbon|phone\u00bb text_orientation_tablet=\u00bb\u00bb text_orientation_phone=\u00bbcenter\u00bb text_orientation_last_edited=\u00bbon|phone\u00bb global_colors_info=\u00bb{}\u00bb theme_builder_area=\u00bbpost_content\u00bb title_text=\u00bbreuma\u00bb sticky_enabled=\u00bb0&#8243;][\/et_pb_team_member][et_pb_button button_url=\u00bb#cita\u00bb button_text=\u00bbSolicitar Cita\u00bb button_alignment_tablet=\u00bb\u00bb button_alignment_phone=\u00bbcenter\u00bb button_alignment_last_edited=\u00bbon|desktop\u00bb _builder_version=\u00bb4.16&#8243; _module_preset=\u00bbdefault\u00bb custom_button=\u00bbon\u00bb button_text_size=\u00bb15px\u00bb button_text_color=\u00bb#3D107B\u00bb button_bg_color=\u00bb#FFFFFF\u00bb button_letter_spacing=\u00bb3px\u00bb button_font=\u00bb|700||on|||||\u00bb custom_margin=\u00bb-75px|||130px|false|false\u00bb custom_margin_tablet=\u00bb-89px||||false|false\u00bb custom_margin_phone=\u00bb-22px|||0px|false|false\u00bb custom_margin_last_edited=\u00bbon|tablet\u00bb global_colors_info=\u00bb{}\u00bb theme_builder_area=\u00bbpost_content\u00bb][\/et_pb_button][et_pb_button button_url=\u00bb#doctoralia\u00bb button_text=\u00bbcita con doctoralia\u00bb button_alignment_tablet=\u00bb\u00bb button_alignment_phone=\u00bbcenter\u00bb button_alignment_last_edited=\u00bbon|desktop\u00bb disabled_on=\u00bboff|off|on\u00bb _builder_version=\u00bb4.27.4&#8243; _module_preset=\u00bbdefault\u00bb custom_button=\u00bbon\u00bb button_text_size=\u00bb15px\u00bb button_text_color=\u00bb#FFFFFF\u00bb button_bg_color=\u00bb#29C4A9&#8243; button_bg_enable_image=\u00bboff\u00bb button_border_width=\u00bb0px\u00bb button_letter_spacing=\u00bb3px\u00bb button_font=\u00bb|700||on|||||\u00bb custom_margin=\u00bb-75px|||130px|false|false\u00bb custom_margin_tablet=\u00bb-67px|||327px|false|false\u00bb custom_margin_phone=\u00bb-24px|||0px|false|false\u00bb custom_margin_last_edited=\u00bbon|phone\u00bb global_colors_info=\u00bb{}\u00bb theme_builder_area=\u00bbpost_content\u00bb][\/et_pb_button][\/et_pb_column][\/et_pb_row][\/et_pb_section][et_pb_section fb_built=\u00bb1&#8243; specialty=\u00bbon\u00bb _builder_version=\u00bb4.16&#8243; _module_preset=\u00bbdefault\u00bb background_image=\u00bbhttps:\/\/clinicadelcarmenhuelva.com\/wp-content\/uploads\/2019\/07\/health-clinic-29.png\u00bb background_size=\u00bbinitial\u00bb background_repeat=\u00bbrepeat\u00bb custom_padding=\u00bb5px|||||\u00bb global_colors_info=\u00bb{}\u00bb][et_pb_column type=\u00bb3_4&#8243; specialty_columns=\u00bb3&#8243; _builder_version=\u00bb4.16&#8243; custom_padding=\u00bb|||\u00bb global_colors_info=\u00bb{}\u00bb custom_padding__hover=\u00bb|||\u00bb][et_pb_row_inner column_structure=\u00bb1_2,1_2&#8243; use_custom_gutter=\u00bbon\u00bb gutter_width=\u00bb4&#8243; _builder_version=\u00bb4.17.6&#8243; _module_preset=\u00bbdefault\u00bb animation_style=\u00bbslide\u00bb animation_direction=\u00bbleft\u00bb global_colors_info=\u00bb{}\u00bb][et_pb_column_inner type=\u00bb1_2&#8243; saved_specialty_column_type=\u00bb3_4&#8243; _builder_version=\u00bb4.16&#8243; _module_preset=\u00bbdefault\u00bb global_colors_info=\u00bb{}\u00bb][et_pb_image src=\u00bbhttps:\/\/clinicadelcarmenhuelva.com\/wp-content\/uploads\/2019\/07\/domingoperezvilches-copia.png\u00bb title_text=\u00bbdomingoperezvilches copia\u00bb align_tablet=\u00bbcenter\u00bb align_phone=\u00bbcenter\u00bb align_last_edited=\u00bbon|tablet\u00bb _builder_version=\u00bb4.17.6&#8243; _module_preset=\u00bbdefault\u00bb global_colors_info=\u00bb{}\u00bb][\/et_pb_image][\/et_pb_column_inner][et_pb_column_inner type=\u00bb1_2&#8243; saved_specialty_column_type=\u00bb3_4&#8243; _builder_version=\u00bb4.16&#8243; _module_preset=\u00bbdefault\u00bb global_colors_info=\u00bb{}\u00bb][et_pb_text _builder_version=\u00bb4.17.6&#8243; _module_preset=\u00bbdefault\u00bb header_4_font=\u00bb|800|||||||\u00bb custom_margin_tablet=\u00bb|||0px|false|false\u00bb custom_margin_phone=\u00bb|||0px|false|false\u00bb custom_margin_last_edited=\u00bbon|desktop\u00bb global_colors_info=\u00bb{}\u00bb]<\/p>\n<h4 class=\"et_pb_module_header\">Dr. Domingo Perez Vilches<\/h4>\n<div>\n<p>La reumatolog\u00eda es la especialidad m\u00e9dica que se dedica a la prevenci\u00f3n, diagn\u00f3stico y tratamiento de las enfermedades del aparato locomotor no traum\u00e1ticas y es una de las especialidades que m\u00e1s avances en diagn\u00f3stico y tratamiento ha tenido en los \u00faltimos a\u00f1os.<\/p>\n<p>Existen m\u00e1s de 120 enfermedades reumatol\u00f3gicas, que afectan a cualquier rango de edad desde los ni\u00f1os hasta los m\u00e1s mayores. Suelen ser enfermedades cr\u00f3nicas que precisan tratamiento y seguimiento durante largos periodos de tiempo y que, en general, afectan a m\u00e1s del 30% de la poblaci\u00f3n.<\/p>\n<\/div>\n<p>[\/et_pb_text][\/et_pb_column_inner][\/et_pb_row_inner][et_pb_row_inner _builder_version=\u00bb4.16.0&#8243; _module_preset=\u00bbdefault\u00bb custom_margin=\u00bb0px||||false|false\u00bb custom_padding=\u00bb0px||||false|false\u00bb animation_style=\u00bbslide\u00bb animation_direction=\u00bbleft\u00bb global_colors_info=\u00bb{}\u00bb][et_pb_column_inner saved_specialty_column_type=\u00bb3_4&#8243; _builder_version=\u00bb4.16&#8243; _module_preset=\u00bbdefault\u00bb global_colors_info=\u00bb{}\u00bb][et_pb_text _builder_version=\u00bb4.16.0&#8243; _module_preset=\u00bbdefault\u00bb header_4_font=\u00bb|800|||||||\u00bb custom_margin=\u00bb0px||||false|false\u00bb custom_margin_tablet=\u00bb|||0px|false|false\u00bb custom_margin_phone=\u00bb|||0px|false|false\u00bb custom_margin_last_edited=\u00bbon|desktop\u00bb custom_padding=\u00bb0px||||false|false\u00bb global_colors_info=\u00bb{}\u00bb]<\/p>\n<p><span><strong>Patolog\u00edas a tratar<\/strong><\/span><\/p>\n<p>Degenerativas: Artrosis, Artropat\u00eda neurop\u00e1tica.<br \/>Inflamatorias: Artritis Reumatoide, Espondilitis Anquilosante, Artritis Psori\u00e1sica, etc.<br \/>Sist\u00e9micas: Lupus eritematoso sist\u00e9mico, Esclerodermia, Dermatomiositis, S\u00edndrome Sj\u00f6gren, etc.<br \/>Metab\u00f3licas: Osteoporosis, Gota, Condrocalcinosis, etc.<br \/>Dolor cr\u00f3nico: Lumbalgia y cervicalgia cr\u00f3nica, Fibromialgia, S\u00edndrome del T\u00fanel Carpiano, etc.<br \/>Reumatolog\u00eda Pedi\u00e1trica: Artritis idiop\u00e1tica juvenil, etc.<br \/>T\u00e9cnicas de Diagn\u00f3stico y Tratamiento<\/p>\n<p>Infiltraciones articulares y periarticulares.<br \/>Infiltraciones con \u00e1cido hialur\u00f3nico.<br \/>Artrocentesis.<br \/>An\u00e1lisis microsc\u00f3pico del l\u00edquido articular.<br \/>Lavados articulares.<\/p>\n<p>[\/et_pb_text][\/et_pb_column_inner][\/et_pb_row_inner][et_pb_row_inner column_structure=\u00bb1_2,1_2&#8243; make_equal=\u00bbon\u00bb _builder_version=\u00bb4.27.4&#8243; _module_preset=\u00bbdefault\u00bb global_colors_info=\u00bb{}\u00bb theme_builder_area=\u00bbpost_content\u00bb][et_pb_column_inner type=\u00bb1_2&#8243; _builder_version=\u00bb4.27.4&#8243; _module_preset=\u00bbdefault\u00bb global_colors_info=\u00bb{}\u00bb theme_builder_area=\u00bbpost_content\u00bb saved_specialty_column_type=\u00bb3_4&#8243;][et_pb_blurb title=\u00bbSolicitar cita Online\u00bb use_icon=\u00bbon\u00bb font_icon=\u00bb&#xe023;||divi||400&#8243; icon_color=\u00bb#3d107b\u00bb image_icon_background_color=\u00bb#ffffff\u00bb image_icon_width=\u00bb48px\u00bb module_id=\u00bbcita\u00bb _builder_version=\u00bb4.27.4&#8243; header_level=\u00bbh3&#8243; header_font=\u00bb|600|||||||\u00bb header_text_align=\u00bbcenter\u00bb header_text_color=\u00bb#ffffff\u00bb header_font_size=\u00bb27px\u00bb body_font=\u00bb||||||||\u00bb body_text_color=\u00bb#ffffff\u00bb background_color=\u00bb#3d107b\u00bb image_icon_custom_padding=\u00bb25px|25px|25px|25px|false|false\u00bb custom_padding=\u00bb37px|20px||20px||\u00bb animation_style=\u00bbzoom\u00bb border_radii_image=\u00bbon|100%|100%|100%|100%\u00bb box_shadow_style=\u00bbpreset1&#8243; use_circle=\u00bbon\u00bb circle_color=\u00bb#ffffff\u00bb global_colors_info=\u00bb{}\u00bb image_icon_background_color__sticky_enabled=\u00bb#7EBEC5&#8243; image_icon_background_color__sticky=\u00bb#7EBEC5&#8243; theme_builder_area=\u00bbpost_content\u00bb]<\/p>\n<h4 style=\"text-align: center;\">\u00a0<\/h4>\n<p style=\"text-align: center;\">Para solicitar cita online haga click en el siguiente bot\u00f3n.<\/p>\n<p style=\"text-align: center;\"><a href=\"https:\/\/app.clinic-cloud.com\/citaonline.php\/clinicadelcarmenhuelva\"><strong><img loading=\"lazy\" decoding=\"async\" class=\"wp-image-381 alignnone size-full\" src=\"https:\/\/clinicadelcarmenhuelva.com\/wp-content\/uploads\/2019\/07\/cita-online.png\" alt=\"\" width=\"161\" height=\"52\" \/><\/strong><\/a><\/p>\n<h4 style=\"text-align: center;\">\u00a0<\/h4>\n<p>&nbsp;<\/p>\n<p>&nbsp;<\/p>\n<p>[\/et_pb_blurb][\/et_pb_column_inner][et_pb_column_inner type=\u00bb1_2&#8243; module_id=\u00bbdoctoralia\u00bb _builder_version=\u00bb4.27.4&#8243; _module_preset=\u00bbdefault\u00bb background_color=\u00bb#29C4A9&#8243; global_colors_info=\u00bb{}\u00bb theme_builder_area=\u00bbpost_content\u00bb saved_specialty_column_type=\u00bb3_4&#8243;][et_pb_image src=\u00bbhttps:\/\/clinicadelcarmenhuelva.com\/wp-content\/uploads\/2025\/05\/logodocto.png\u00bb title_text=\u00bblogodocto\u00bb _builder_version=\u00bb4.27.4&#8243; _module_preset=\u00bbdefault\u00bb width=\u00bb22%\u00bb module_alignment=\u00bbcenter\u00bb custom_padding=\u00bb35px||||false|false\u00bb global_colors_info=\u00bb{}\u00bb theme_builder_area=\u00bbpost_content\u00bb][\/et_pb_image][et_pb_text _builder_version=\u00bb4.27.4&#8243; _module_preset=\u00bbdefault\u00bb header_2_font=\u00bb|600|||||||\u00bb header_2_text_align=\u00bbcenter\u00bb header_2_text_color=\u00bb#FFFFFF\u00bb header_2_font_size=\u00bb30px\u00bb global_colors_info=\u00bb{}\u00bb theme_builder_area=\u00bbpost_content\u00bb]<\/p>\n<h2>Cita con Doctoralia<\/h2>\n<p>[\/et_pb_text][et_pb_code disabled_on=\u00bboff|off|on\u00bb _builder_version=\u00bb4.27.4&#8243; _module_preset=\u00bbdefault\u00bb custom_padding=\u00bb|10px||10px|false|false\u00bb global_colors_info=\u00bb{}\u00bb theme_builder_area=\u00bbpost_content\u00bb]<a href=\"https:\/\/www.doctoralia.es\/clinicas\/clinica-del-carmen\" data-zl-widget-facility=\"clinica-del-carmen\" rel=\"nofollow\" data-placement=\"inline\" data-zlw-type=\"facility-calendar\">Cl\u00ednica del Carmen<\/a><script id=\"zl-facility-widget\" src=\"https:\/\/www.doctoralia.es\/platform\/js\/widget.js\"><\/script>[\/et_pb_code][et_pb_code disabled_on=\u00bbon|on|off\u00bb _builder_version=\u00bb4.27.4&#8243; _module_preset=\u00bbdefault\u00bb text_orientation=\u00bbcenter\u00bb module_alignment=\u00bbcenter\u00bb custom_padding=\u00bb|10px||10px|false|false\u00bb global_colors_info=\u00bb{}\u00bb theme_builder_area=\u00bbpost_content\u00bb]<a class=\"zl-facility-url\" href=\"https:\/\/www.doctoralia.es\/clinicas\/clinica-del-carmen\" rel=\"nofollow\" data-zlw-facility=\"clinica-del-carmen\" data-zlw-type=\"facility-button\" data-zlw-saas-only=\"false\" data-zlw-a11y-title=\"Widget de reserva de citas m\u00e9dicas\">Cl\u00ednica del Carmen<\/a><script>!function($_x,_s,id){var js,fjs=$_x.getElementsByTagName(_s)[0];if(!$_x.getElementById(id)){js = $_x.createElement(_s);js.id = id;js.src = \"\/\/platform.docplanner.com\/js\/widget.js\";fjs.parentNode.insertBefore(js,fjs);}}(document,\"script\",\"zl-widget-s\");<\/script>[\/et_pb_code][\/et_pb_column_inner][\/et_pb_row_inner][\/et_pb_column][et_pb_column type=\u00bb1_4&#8243; _builder_version=\u00bb4.16&#8243; custom_padding=\u00bb|||\u00bb global_colors_info=\u00bb{}\u00bb custom_padding__hover=\u00bb|||\u00bb][dsm_menu menu_id=\u00bb11&#8243; menu_link_text_color=\u00bbrgba(255,255,255,0.6)\u00bb menu_left_space=\u00bb13px\u00bb list_style_type=\u00bbsquare\u00bb list_style_color=\u00bbrgba(255,255,255,0.63)\u00bb _builder_version=\u00bb4.16&#8243; _module_preset=\u00bbdefault\u00bb header_font=\u00bb|||on|||||\u00bb menu_font=\u00bb|700||on|||||\u00bb menu_font_size=\u00bb12px\u00bb background_color=\u00bb#29C4A9&#8243; custom_padding=\u00bb10px|16px|||false|false\u00bb animation_style=\u00bbzoom\u00bb global_colors_info=\u00bb{}\u00bb][\/dsm_menu][\/et_pb_column][\/et_pb_section][et_pb_section fb_built=\u00bb1&#8243; _builder_version=\u00bb4.27.4&#8243; _module_preset=\u00bbdefault\u00bb background_image=\u00bbhttps:\/\/clinicadelcarmenhuelva.com\/wp-content\/uploads\/2019\/07\/health-clinic-29.png\u00bb background_size=\u00bbinitial\u00bb background_repeat=\u00bbrepeat\u00bb custom_margin=\u00bb0px||||false|false\u00bb custom_padding=\u00bb0px||||false|false\u00bb global_colors_info=\u00bb{}\u00bb theme_builder_area=\u00bbpost_content\u00bb][et_pb_row _builder_version=\u00bb4.27.4&#8243; _module_preset=\u00bbdefault\u00bb global_colors_info=\u00bb{}\u00bb theme_builder_area=\u00bbpost_content\u00bb][et_pb_column type=\u00bb4_4&#8243; _builder_version=\u00bb4.27.4&#8243; _module_preset=\u00bbdefault\u00bb global_colors_info=\u00bb{}\u00bb theme_builder_area=\u00bbpost_content\u00bb][et_pb_code _builder_version=\u00bb4.27.4&#8243; _module_preset=\u00bbdefault\u00bb animation_style=\u00bbzoom\u00bb global_colors_info=\u00bb{}\u00bb theme_builder_area=\u00bbpost_content\u00bb]<iframe loading=\"lazy\" src=\"https:\/\/www.google.com\/maps\/embed?pb=!1m14!1m8!1m3!1d12702.958789098624!2d-6.952587!3d37.253883!3m2!1i1024!2i768!4f13.1!3m3!1m2!1s0x0%3A0xc7fc42c42005bb5f!2sCl%C3%ADnica+del+Carmen+-+Centro+de+Especialidades+M%C3%A9dicas!5e0!3m2!1ses!2sus!4v1564741409678!5m2!1ses!2sus\" width=\"1200\" height=\"350\" frameborder=\"0\" style=\"border: 0;\" allowfullscreen=\"\"><\/iframe>[\/et_pb_code][et_pb_image src=\u00bbhttps:\/\/clinicadelcarmenhuelva.com\/wp-content\/uploads\/2019\/07\/portadagarfe.jpg\u00bb title_text=\u00bbportadagarfe\u00bb force_fullwidth=\u00bbon\u00bb _builder_version=\u00bb4.27.4&#8243; _module_preset=\u00bbdefault\u00bb animation_style=\u00bbzoom\u00bb global_colors_info=\u00bb{}\u00bb theme_builder_area=\u00bbpost_content\u00bb][\/et_pb_image][\/et_pb_column][\/et_pb_row][\/et_pb_section]<\/p>\n","protected":false},"excerpt":{"rendered":"<p>Dr. Domingo Perez Vilches La reumatolog\u00eda es la especialidad m\u00e9dica que se dedica a la prevenci\u00f3n, diagn\u00f3stico y tratamiento de las enfermedades del aparato locomotor no traum\u00e1ticas y es una de las especialidades que m\u00e1s avances en diagn\u00f3stico y tratamiento ha tenido en los \u00faltimos a\u00f1os. Existen m\u00e1s de 120 enfermedades reumatol\u00f3gicas, que afectan a [&hellip;]<\/p>\n","protected":false},"author":1,"featured_media":0,"parent":0,"menu_order":0,"comment_status":"closed","ping_status":"closed","template":"","meta":{"_et_pb_use_builder":"on","_et_pb_old_content":"","_et_gb_content_width":"","footnotes":""},"class_list":["post-704","page","type-page","status-publish","hentry"],"_links":{"self":[{"href":"https:\/\/clinicadelcarmenhuelva.com\/index.php\/wp-json\/wp\/v2\/pages\/704","targetHints":{"allow":["GET"]}}],"collection":[{"href":"https:\/\/clinicadelcarmenhuelva.com\/index.php\/wp-json\/wp\/v2\/pages"}],"about":[{"href":"https:\/\/clinicadelcarmenhuelva.com\/index.php\/wp-json\/wp\/v2\/types\/page"}],"author":[{"embeddable":true,"href":"https:\/\/clinicadelcarmenhuelva.com\/index.php\/wp-json\/wp\/v2\/users\/1"}],"replies":[{"embeddable":true,"href":"https:\/\/clinicadelcarmenhuelva.com\/index.php\/wp-json\/wp\/v2\/comments?post=704"}],"version-history":[{"count":13,"href":"https:\/\/clinicadelcarmenhuelva.com\/index.php\/wp-json\/wp\/v2\/pages\/704\/revisions"}],"predecessor-version":[{"id":2705,"href":"https:\/\/clinicadelcarmenhuelva.com\/index.php\/wp-json\/wp\/v2\/pages\/704\/revisions\/2705"}],"wp:attachment":[{"href":"https:\/\/clinicadelcarmenhuelva.com\/index.php\/wp-json\/wp\/v2\/media?parent=704"}],"curies":[{"name":"wp","href":"https:\/\/api.w.org\/{rel}","templated":true}]}}