{"id":912,"date":"2019-09-02T14:43:43","date_gmt":"2019-09-02T12:43:43","guid":{"rendered":"http:\/\/clinicadelcarmenhuelva.com\/?page_id=912"},"modified":"2025-05-29T11:12:34","modified_gmt":"2025-05-29T09:12:34","slug":"digestivo","status":"publish","type":"page","link":"https:\/\/clinicadelcarmenhuelva.com\/index.php\/digestivo\/","title":{"rendered":"Digestivo"},"content":{"rendered":"<p>[et_pb_section fb_built=\u00bb1&#8243; custom_padding_last_edited=\u00bbon|desktop\u00bb _builder_version=\u00bb4.27.4&#8243; _module_preset=\u00bbdefault\u00bb background_color=\u00bb#3D107B\u00bb background_image=\u00bbhttps:\/\/clinicadelcarmenhuelva.com\/wp-content\/uploads\/2019\/07\/health-clinic-29.png\u00bb background_size=\u00bbinitial\u00bb background_position=\u00bbtop_left\u00bb background_repeat=\u00bbrepeat\u00bb custom_margin=\u00bb0px||0px||false|false\u00bb custom_padding=\u00bb0px||40px||false|false\u00bb custom_padding_tablet=\u00bb||0px||false|false\u00bb custom_padding_phone=\u00bb||0px||false|false\u00bb global_colors_info=\u00bb{}\u00bb theme_builder_area=\u00bbpost_content\u00bb][et_pb_row _builder_version=\u00bb4.16&#8243; _module_preset=\u00bbdefault\u00bb animation_style=\u00bbslide\u00bb animation_direction=\u00bbright\u00bb global_colors_info=\u00bb{}\u00bb theme_builder_area=\u00bbpost_content\u00bb][et_pb_column type=\u00bb4_4&#8243; _builder_version=\u00bb4.16&#8243; _module_preset=\u00bbdefault\u00bb global_colors_info=\u00bb{}\u00bb theme_builder_area=\u00bbpost_content\u00bb][et_pb_team_member name=\u00bbdigestivo\u00bb image_url=\u00bbhttps:\/\/clinicadelcarmenhuelva.com\/wp-content\/uploads\/2019\/07\/cirudiges.png\u00bb _builder_version=\u00bb4.27.4&#8243; _module_preset=\u00bbdefault\u00bb header_font=\u00bb|700||on|||||\u00bb header_text_color=\u00bb#1A96D3&#8243; header_font_size=\u00bb35px\u00bb custom_margin=\u00bb||35px||false|false\u00bb custom_margin_tablet=\u00bb||35px||false|false\u00bb custom_margin_phone=\u00bb||35px||false|false\u00bb custom_margin_last_edited=\u00bbon|desktop\u00bb hover_enabled=\u00bb0&#8243; header_text_align_tablet=\u00bb\u00bb header_text_align_phone=\u00bbcenter\u00bb header_text_align_last_edited=\u00bbon|phone\u00bb text_orientation_tablet=\u00bb\u00bb text_orientation_phone=\u00bbcenter\u00bb text_orientation_last_edited=\u00bbon|phone\u00bb global_colors_info=\u00bb{}\u00bb theme_builder_area=\u00bbpost_content\u00bb title_text=\u00bbcirudiges\u00bb sticky_enabled=\u00bb0&#8243;][\/et_pb_team_member][et_pb_button button_url=\u00bb#cita\u00bb button_text=\u00bbSolicitar Cita\u00bb button_alignment_tablet=\u00bb\u00bb button_alignment_phone=\u00bbcenter\u00bb button_alignment_last_edited=\u00bbon|desktop\u00bb _builder_version=\u00bb4.16&#8243; _module_preset=\u00bbdefault\u00bb custom_button=\u00bbon\u00bb button_text_size=\u00bb15px\u00bb button_text_color=\u00bb#3D107B\u00bb button_bg_color=\u00bb#FFFFFF\u00bb button_letter_spacing=\u00bb3px\u00bb button_font=\u00bb|700||on|||||\u00bb custom_margin=\u00bb-75px|||130px|false|false\u00bb custom_margin_tablet=\u00bb-89px||||false|false\u00bb custom_margin_phone=\u00bb-22px|||0px|false|false\u00bb custom_margin_last_edited=\u00bbon|tablet\u00bb global_colors_info=\u00bb{}\u00bb theme_builder_area=\u00bbpost_content\u00bb][\/et_pb_button][et_pb_button button_url=\u00bb#doctoralia\u00bb button_text=\u00bbcita con doctoralia\u00bb button_alignment_tablet=\u00bb\u00bb button_alignment_phone=\u00bbcenter\u00bb button_alignment_last_edited=\u00bbon|desktop\u00bb disabled_on=\u00bboff|off|on\u00bb _builder_version=\u00bb4.27.4&#8243; _module_preset=\u00bbdefault\u00bb custom_button=\u00bbon\u00bb button_text_size=\u00bb15px\u00bb button_text_color=\u00bb#FFFFFF\u00bb button_bg_color=\u00bb#29C4A9&#8243; button_bg_enable_image=\u00bboff\u00bb button_border_width=\u00bb0px\u00bb button_letter_spacing=\u00bb3px\u00bb button_font=\u00bb|700||on|||||\u00bb custom_margin=\u00bb-75px|||130px|false|false\u00bb custom_margin_tablet=\u00bb-67px|||327px|false|false\u00bb custom_margin_phone=\u00bb-24px|||0px|false|false\u00bb custom_margin_last_edited=\u00bbon|phone\u00bb global_colors_info=\u00bb{}\u00bb theme_builder_area=\u00bbpost_content\u00bb][\/et_pb_button][\/et_pb_column][\/et_pb_row][\/et_pb_section][et_pb_section fb_built=\u00bb1&#8243; specialty=\u00bbon\u00bb _builder_version=\u00bb4.16&#8243; _module_preset=\u00bbdefault\u00bb background_image=\u00bbhttps:\/\/clinicadelcarmenhuelva.com\/wp-content\/uploads\/2019\/07\/health-clinic-29.png\u00bb background_size=\u00bbinitial\u00bb background_repeat=\u00bbrepeat\u00bb custom_padding=\u00bb5px|||||\u00bb global_colors_info=\u00bb{}\u00bb][et_pb_column type=\u00bb3_4&#8243; specialty_columns=\u00bb3&#8243; _builder_version=\u00bb4.16&#8243; custom_padding=\u00bb|||\u00bb global_colors_info=\u00bb{}\u00bb custom_padding__hover=\u00bb|||\u00bb][et_pb_row_inner column_structure=\u00bb1_2,1_2&#8243; use_custom_gutter=\u00bbon\u00bb gutter_width=\u00bb4&#8243; make_equal=\u00bbon\u00bb _builder_version=\u00bb4.17.6&#8243; _module_preset=\u00bbdefault\u00bb animation_style=\u00bbslide\u00bb animation_direction=\u00bbleft\u00bb global_colors_info=\u00bb{}\u00bb][et_pb_column_inner type=\u00bb1_2&#8243; saved_specialty_column_type=\u00bb3_4&#8243; _builder_version=\u00bb4.16&#8243; _module_preset=\u00bbdefault\u00bb global_colors_info=\u00bb{}\u00bb][et_pb_image src=\u00bbhttps:\/\/clinicadelcarmenhuelva.com\/wp-content\/uploads\/2019\/07\/RAFAELSAENZ.jpg\u00bb title_text=\u00bbRAFAELSAENZ\u00bb align=\u00bbcenter\u00bb align_tablet=\u00bbcenter\u00bb align_phone=\u00bbcenter\u00bb align_last_edited=\u00bbon|tablet\u00bb _builder_version=\u00bb4.17.6&#8243; _module_preset=\u00bbdefault\u00bb global_colors_info=\u00bb{}\u00bb][\/et_pb_image][\/et_pb_column_inner][et_pb_column_inner type=\u00bb1_2&#8243; saved_specialty_column_type=\u00bb3_4&#8243; _builder_version=\u00bb4.16&#8243; _module_preset=\u00bbdefault\u00bb global_colors_info=\u00bb{}\u00bb][et_pb_text _builder_version=\u00bb4.17.6&#8243; _module_preset=\u00bbdefault\u00bb header_4_font=\u00bb|800|||||||\u00bb custom_margin_tablet=\u00bb|||0px|false|false\u00bb custom_margin_phone=\u00bb|||0px|false|false\u00bb custom_margin_last_edited=\u00bbon|desktop\u00bb custom_padding=\u00bb20px||||false|false\u00bb global_colors_info=\u00bb{}\u00bb]<\/p>\n<h4 class=\"et_pb_module_header et-fb-editable-element et-fb-editable-element__editing\" data-shortcode-id=\"1.0.0.0.0-1648627366579\" data-quickaccess-id=\"header\" contenteditable=\"true\">Dr. Rafael S\u00e1enz Sol\u00eds<\/h4>\n<div>\n<p><strong><span>Nota:<\/span><span>\u00a0<\/span>Este Especialista tiene la posibilidad de atender consultas telef\u00f3nicamente. Si desea esta opci\u00f3n an\u00f3telo en el apartado de Observaciones a la hora de coger la cita.<\/strong><\/p>\n<p>La especialidad de Aparato Digestivo se define como aquella parte de la Medicina que se ocupa de las enfermedades que afectan al tracto digestivo y \u00f3rganos glandulares asociados (es\u00f3fago, est\u00f3mago, intestino delgado, colon, recto, ano, h\u00edgado, v\u00edas biliares y p\u00e1ncreas), as\u00ed como las repercusiones de las enfermedades digestivas sobre el resto del organismo humano e inversamente las repercusiones de las enfermedades del resto del organismo sobre el sistema digestivo.<br \/>Para simplificar, los pacientes con patolog\u00edas digestivas presentan, entre otros, alguno de los siguientes s\u00edntomas:<\/p>\n<\/div>\n<p>[\/et_pb_text][\/et_pb_column_inner][\/et_pb_row_inner][et_pb_row_inner _builder_version=\u00bb4.16&#8243; _module_preset=\u00bbdefault\u00bb animation_style=\u00bbslide\u00bb animation_direction=\u00bbleft\u00bb global_colors_info=\u00bb{}\u00bb][et_pb_column_inner saved_specialty_column_type=\u00bb3_4&#8243; _builder_version=\u00bb4.16&#8243; _module_preset=\u00bbdefault\u00bb global_colors_info=\u00bb{}\u00bb][et_pb_text _builder_version=\u00bb4.27.0&#8243; _module_preset=\u00bbdefault\u00bb header_4_font=\u00bb|800|||||||\u00bb custom_margin_tablet=\u00bb|||0px|false|false\u00bb custom_margin_phone=\u00bb|||0px|false|false\u00bb custom_margin_last_edited=\u00bbon|desktop\u00bb global_colors_info=\u00bb{}\u00bb]<\/p>\n<ul>\n<li><strong>Distensi\u00f3n abdominal<\/strong>. Es una afecci\u00f3n en la que el abdomen, o vientre, se siente lleno y apretado. Incluso puede aparecer hinchado.<\/li>\n<li><strong>Estre\u00f1imiento<\/strong>. El estre\u00f1imiento se da cuando las heces se evacuan con menor frecuencia de lo que normalmente sucede; incluso podr\u00edan ponerse duras y secas.<\/li>\n<li><strong>Diarrea.<\/strong><span>\u00a0<\/span>Se presenta cuando expulsas heces acuosas o sueltas. En algunas personas, la diarrea es leve y desaparece en unos pocos d\u00edas. Este tipo suele ser tratado en atenci\u00f3n primaria. En otras puede durar m\u00e1s tiempo (diarreas cr\u00f3nicas) y suelen requerir atenci\u00f3n especializada, sobre todo cuando se asocian a la presencia de sangre o pus en las heces.<\/li>\n<li><strong>Incontinencia fecal.<\/strong><span>\u00a0<\/span>La incontinencia fecal ocurre cuando no se es capaz de impedir que las heces se escapen por el ano, o bien que el paciente no percibe la sensaci\u00f3n de deseo de defecar.<\/li>\n<li><strong>N\u00e1usea y v\u00f3mito<\/strong>. N\u00e1useas es la sensaci\u00f3n de tener ganas de vomitar. Se suele acompa\u00f1ar de s\u00edntomas vegetativos (palidez, sudoraci\u00f3n\u2026).Vomitar consiste expulsar los contenidos del y salir por la boca, de forma forzada, es decir, con contractura violenta e involuntaria de la musculatura abdominal. En caso de v\u00f3mito con sangre en su contenido, consiga ayuda m\u00e9dica inmediata.<\/li>\n<li><strong>Acidez (\u00abardor\u00bb o \u00abardent\u00eda\u00bb)<\/strong>.Es una sensaci\u00f3n de ardor justo debajo o detr\u00e1s del estern\u00f3n, con car\u00e1cter ascendente. Generalmente proviene del es\u00f3fago. El dolor suele originarse en el pecho desde el est\u00f3mago. Puede sentirse en el cuello o la garganta. Puede acompa\u00f1arse de regurgitaciones, que es la salida involuntaria del contenido del estomago, pero de forma no violenta y sin cortejo vegetativo asociado (a diferencia del v\u00f3mito)<\/li>\n<li><strong>Dificultad para tragar alimentos<\/strong><span>\u00a0<\/span>o dolor desencadenado al tragar (particularmente cuando los s\u00edntomas se localizan de la nuez de Ad\u00e1n hacia abajo)<\/li>\n<li><strong>Sangrado al evacuar<\/strong>. Se refiere a la p\u00e9rdida de sangre con las heces. En caso de sangrado intenso consiga ayuda m\u00e9dica inmediata.<\/li>\n<li><strong>Cambios en las caracter\u00edsticas o frecuencia de las deposiciones<\/strong><\/li>\n<li><strong>Dolor abdominal<\/strong>. Es el dolor que se siente en el \u00e1rea entre el pecho y la ingle, a menudo denominada abdomen o vientre (\u00abbarriga\u00bb).<\/li>\n<li><strong>Ictericia (\u00abponerse amarillo\u00bb)<\/strong>, que suele asociarse a coluria (orina oscura) y acolia (heces p\u00e1lidas o poco coloreadas)<\/li>\n<li><strong>P\u00e9rdida inexplicable de peso<\/strong><span>\u00a0<\/span>asociado a los s\u00edntomas anteriores<\/li>\n<\/ul>\n<p>Para el estudio de estos s\u00edntomas, aparte de la historia cl\u00ednica y de la exploraci\u00f3n f\u00edsica, se precisan de t\u00e9cnicas de laboratorio, t\u00e9cnicas de imagen y de las denominadas t\u00e9cnicas endosc\u00f3picas, realizada por el especialista en Aparato digestivo y en \u00e1mbito hospitalario, como son:<br \/>\u2022 Esofagogastroduodenoscopia o endoscopia digestiva alta<br \/>\u2022 Colonoscopia total o endoscopia digestiva baja<br \/>Ambas t\u00e9cnicas presentan una vertiente diagn\u00f3stica y una vertiente terap\u00e9utica, es decir, nos permiten actuar sobre lesiones sangrantes, resecar p\u00f3lipos, etc \u2026<\/p>\n<p>Para m\u00e1s informaci\u00f3n: <strong><a href=\"https:\/\/digestivohuelva.es\/\" title=\"https:\/\/digestivohuelva.es\/\">https:\/\/digestivohuelva.es\/<\/a><\/strong><\/p>\n<p>[\/et_pb_text][\/et_pb_column_inner][\/et_pb_row_inner][\/et_pb_column][et_pb_column type=\u00bb1_4&#8243; _builder_version=\u00bb4.16&#8243; custom_padding=\u00bb|||\u00bb global_colors_info=\u00bb{}\u00bb custom_padding__hover=\u00bb|||\u00bb][dsm_menu menu_id=\u00bb11&#8243; menu_link_text_color=\u00bbrgba(255,255,255,0.6)\u00bb menu_left_space=\u00bb13px\u00bb list_style_type=\u00bbsquare\u00bb list_style_color=\u00bbrgba(255,255,255,0.63)\u00bb _builder_version=\u00bb4.27.4&#8243; _module_preset=\u00bbdefault\u00bb header_font=\u00bb|||on|||||\u00bb menu_font=\u00bb|700||on|||||\u00bb menu_font_size=\u00bb12px\u00bb background_color=\u00bb#29C4A9&#8243; custom_padding=\u00bb10px|16px|||false|false\u00bb animation_style=\u00bbzoom\u00bb hover_enabled=\u00bb0&#8243; global_colors_info=\u00bb{}\u00bb disabled_on=\u00bbon|on|off\u00bb sticky_enabled=\u00bb0&#8243;][\/dsm_menu][\/et_pb_column][\/et_pb_section][et_pb_section fb_built=\u00bb1&#8243; _builder_version=\u00bb4.27.4&#8243; _module_preset=\u00bbdefault\u00bb background_image=\u00bbhttps:\/\/clinicadelcarmenhuelva.com\/wp-content\/uploads\/2019\/07\/health-clinic-29.png\u00bb background_size=\u00bbinitial\u00bb background_repeat=\u00bbrepeat\u00bb custom_margin=\u00bb0px||||false|false\u00bb custom_padding=\u00bb0px||||false|false\u00bb global_colors_info=\u00bb{}\u00bb theme_builder_area=\u00bbpost_content\u00bb][et_pb_row column_structure=\u00bb1_2,1_2&#8243; make_equal=\u00bbon\u00bb _builder_version=\u00bb4.27.4&#8243; _module_preset=\u00bbdefault\u00bb global_colors_info=\u00bb{}\u00bb theme_builder_area=\u00bbpost_content\u00bb][et_pb_column type=\u00bb1_2&#8243; _builder_version=\u00bb4.27.4&#8243; _module_preset=\u00bbdefault\u00bb global_colors_info=\u00bb{}\u00bb theme_builder_area=\u00bbpost_content\u00bb][et_pb_blurb title=\u00bbSolicitar cita Online\u00bb use_icon=\u00bbon\u00bb font_icon=\u00bb&#xe023;||divi||400&#8243; icon_color=\u00bb#3d107b\u00bb image_icon_background_color=\u00bb#ffffff\u00bb image_icon_width=\u00bb48px\u00bb module_id=\u00bbcita\u00bb _builder_version=\u00bb4.27.4&#8243; header_level=\u00bbh3&#8243; header_font=\u00bb|600|||||||\u00bb header_text_align=\u00bbcenter\u00bb header_text_color=\u00bb#ffffff\u00bb header_font_size=\u00bb27px\u00bb body_font=\u00bb||||||||\u00bb body_text_color=\u00bb#ffffff\u00bb background_color=\u00bb#3d107b\u00bb image_icon_custom_padding=\u00bb25px|25px|25px|25px|false|false\u00bb custom_padding=\u00bb37px|20px||20px||\u00bb animation_style=\u00bbzoom\u00bb border_radii_image=\u00bbon|100%|100%|100%|100%\u00bb box_shadow_style=\u00bbpreset1&#8243; use_circle=\u00bbon\u00bb circle_color=\u00bb#ffffff\u00bb global_colors_info=\u00bb{}\u00bb image_icon_background_color__sticky_enabled=\u00bb#7EBEC5&#8243; image_icon_background_color__sticky=\u00bb#7EBEC5&#8243; theme_builder_area=\u00bbpost_content\u00bb]<\/p>\n<h4 style=\"text-align: center;\">\u00a0<\/h4>\n<p style=\"text-align: center;\">Para solicitar cita online haga click en el siguiente bot\u00f3n.<\/p>\n<p style=\"text-align: center;\"><a href=\"https:\/\/app.clinic-cloud.com\/citaonline.php\/clinicadelcarmenhuelva\"><strong><img loading=\"lazy\" decoding=\"async\" class=\"wp-image-381 alignnone size-full\" src=\"https:\/\/clinicadelcarmenhuelva.com\/wp-content\/uploads\/2019\/07\/cita-online.png\" alt=\"\" width=\"161\" height=\"52\" \/><\/strong><\/a><\/p>\n<h4 style=\"text-align: center;\">\u00a0<\/h4>\n<p>&nbsp;<\/p>\n<p>&nbsp;<\/p>\n<p>[\/et_pb_blurb][\/et_pb_column][et_pb_column type=\u00bb1_2&#8243; module_id=\u00bbdoctoralia\u00bb _builder_version=\u00bb4.27.4&#8243; _module_preset=\u00bbdefault\u00bb background_color=\u00bb#29C4A9&#8243; global_colors_info=\u00bb{}\u00bb theme_builder_area=\u00bbpost_content\u00bb][et_pb_image src=\u00bbhttps:\/\/clinicadelcarmenhuelva.com\/wp-content\/uploads\/2025\/05\/logodocto.png\u00bb title_text=\u00bblogodocto\u00bb _builder_version=\u00bb4.27.4&#8243; _module_preset=\u00bbdefault\u00bb width=\u00bb22%\u00bb module_alignment=\u00bbcenter\u00bb custom_padding=\u00bb35px||||false|false\u00bb global_colors_info=\u00bb{}\u00bb theme_builder_area=\u00bbpost_content\u00bb][\/et_pb_image][et_pb_text _builder_version=\u00bb4.27.4&#8243; _module_preset=\u00bbdefault\u00bb header_2_font=\u00bb|600|||||||\u00bb header_2_text_align=\u00bbcenter\u00bb header_2_text_color=\u00bb#FFFFFF\u00bb header_2_font_size=\u00bb30px\u00bb global_colors_info=\u00bb{}\u00bb theme_builder_area=\u00bbpost_content\u00bb]<\/p>\n<h2>Cita con Doctoralia<\/h2>\n<p>[\/et_pb_text][et_pb_code disabled_on=\u00bboff|off|on\u00bb _builder_version=\u00bb4.27.4&#8243; _module_preset=\u00bbdefault\u00bb custom_padding=\u00bb|10px||10px|false|false\u00bb global_colors_info=\u00bb{}\u00bb theme_builder_area=\u00bbpost_content\u00bb]<a href=\"https:\/\/www.doctoralia.es\/clinicas\/clinica-del-carmen\" data-zl-widget-facility=\"clinica-del-carmen\" rel=\"nofollow\" data-placement=\"inline\" data-zlw-type=\"facility-calendar\">Cl\u00ednica del Carmen<\/a><script id=\"zl-facility-widget\" src=\"https:\/\/www.doctoralia.es\/platform\/js\/widget.js\"><\/script>[\/et_pb_code][et_pb_code disabled_on=\u00bbon|on|off\u00bb _builder_version=\u00bb4.27.4&#8243; _module_preset=\u00bbdefault\u00bb text_orientation=\u00bbcenter\u00bb module_alignment=\u00bbcenter\u00bb custom_padding=\u00bb|10px||10px|false|false\u00bb global_colors_info=\u00bb{}\u00bb theme_builder_area=\u00bbpost_content\u00bb]<a class=\"zl-facility-url\" href=\"https:\/\/www.doctoralia.es\/clinicas\/clinica-del-carmen\" rel=\"nofollow\" data-zlw-facility=\"clinica-del-carmen\" data-zlw-type=\"facility-button\" data-zlw-saas-only=\"false\" data-zlw-a11y-title=\"Widget de reserva de citas m\u00e9dicas\">Cl\u00ednica del Carmen<\/a><script>!function($_x,_s,id){var js,fjs=$_x.getElementsByTagName(_s)[0];if(!$_x.getElementById(id)){js = $_x.createElement(_s);js.id = id;js.src = \"\/\/platform.docplanner.com\/js\/widget.js\";fjs.parentNode.insertBefore(js,fjs);}}(document,\"script\",\"zl-widget-s\");<\/script>[\/et_pb_code][\/et_pb_column][\/et_pb_row][et_pb_row _builder_version=\u00bb4.27.4&#8243; _module_preset=\u00bbdefault\u00bb global_colors_info=\u00bb{}\u00bb theme_builder_area=\u00bbpost_content\u00bb][et_pb_column type=\u00bb4_4&#8243; _builder_version=\u00bb4.27.4&#8243; _module_preset=\u00bbdefault\u00bb global_colors_info=\u00bb{}\u00bb theme_builder_area=\u00bbpost_content\u00bb][et_pb_code _builder_version=\u00bb4.27.4&#8243; _module_preset=\u00bbdefault\u00bb animation_style=\u00bbzoom\u00bb global_colors_info=\u00bb{}\u00bb theme_builder_area=\u00bbpost_content\u00bb]<iframe loading=\"lazy\" src=\"https:\/\/www.google.com\/maps\/embed?pb=!1m14!1m8!1m3!1d12702.958789098624!2d-6.952587!3d37.253883!3m2!1i1024!2i768!4f13.1!3m3!1m2!1s0x0%3A0xc7fc42c42005bb5f!2sCl%C3%ADnica+del+Carmen+-+Centro+de+Especialidades+M%C3%A9dicas!5e0!3m2!1ses!2sus!4v1564741409678!5m2!1ses!2sus\" width=\"1200\" height=\"350\" frameborder=\"0\" style=\"border: 0;\" allowfullscreen=\"\"><\/iframe>[\/et_pb_code][et_pb_image src=\u00bbhttps:\/\/clinicadelcarmenhuelva.com\/wp-content\/uploads\/2019\/07\/portadagarfe.jpg\u00bb title_text=\u00bbportadagarfe\u00bb force_fullwidth=\u00bbon\u00bb _builder_version=\u00bb4.27.4&#8243; _module_preset=\u00bbdefault\u00bb animation_style=\u00bbzoom\u00bb global_colors_info=\u00bb{}\u00bb theme_builder_area=\u00bbpost_content\u00bb][\/et_pb_image][\/et_pb_column][\/et_pb_row][\/et_pb_section]<\/p>\n","protected":false},"excerpt":{"rendered":"<p>Dr. Rafael S\u00e1enz Sol\u00eds Nota:\u00a0Este Especialista tiene la posibilidad de atender consultas telef\u00f3nicamente. Si desea esta opci\u00f3n an\u00f3telo en el apartado de Observaciones a la hora de coger la cita. La especialidad de Aparato Digestivo se define como aquella parte de la Medicina que se ocupa de las enfermedades que afectan al tracto digestivo y [&hellip;]<\/p>\n","protected":false},"author":1,"featured_media":0,"parent":0,"menu_order":0,"comment_status":"closed","ping_status":"closed","template":"","meta":{"_et_pb_use_builder":"on","_et_pb_old_content":"","_et_gb_content_width":"","footnotes":""},"class_list":["post-912","page","type-page","status-publish","hentry"],"_links":{"self":[{"href":"https:\/\/clinicadelcarmenhuelva.com\/index.php\/wp-json\/wp\/v2\/pages\/912","targetHints":{"allow":["GET"]}}],"collection":[{"href":"https:\/\/clinicadelcarmenhuelva.com\/index.php\/wp-json\/wp\/v2\/pages"}],"about":[{"href":"https:\/\/clinicadelcarmenhuelva.com\/index.php\/wp-json\/wp\/v2\/types\/page"}],"author":[{"embeddable":true,"href":"https:\/\/clinicadelcarmenhuelva.com\/index.php\/wp-json\/wp\/v2\/users\/1"}],"replies":[{"embeddable":true,"href":"https:\/\/clinicadelcarmenhuelva.com\/index.php\/wp-json\/wp\/v2\/comments?post=912"}],"version-history":[{"count":14,"href":"https:\/\/clinicadelcarmenhuelva.com\/index.php\/wp-json\/wp\/v2\/pages\/912\/revisions"}],"predecessor-version":[{"id":2692,"href":"https:\/\/clinicadelcarmenhuelva.com\/index.php\/wp-json\/wp\/v2\/pages\/912\/revisions\/2692"}],"wp:attachment":[{"href":"https:\/\/clinicadelcarmenhuelva.com\/index.php\/wp-json\/wp\/v2\/media?parent=912"}],"curies":[{"name":"wp","href":"https:\/\/api.w.org\/{rel}","templated":true}]}}